{"id":195,"date":"2023-01-27T14:47:31","date_gmt":"2023-01-27T14:47:31","guid":{"rendered":"https:\/\/ferdinandkoestler.wordpress.com\/?page_id=195"},"modified":"2025-09-19T13:50:57","modified_gmt":"2025-09-19T13:50:57","slug":"karneval-der-kellner","status":"publish","type":"page","link":"https:\/\/ferdinandkoestler.com\/en\/karneval-der-kellner\/","title":{"rendered":"Carnival of waiters"},"content":{"rendered":"<div class=\"wp-block-media-text alignwide is-stacked-on-mobile is-vertically-aligned-center has-background has-normal-font-size\" style=\"background-color:#ffd24a;margin-top:0;margin-right:0;margin-bottom:0;margin-left:0;padding-top:var(--wp--preset--spacing--50);padding-right:var(--wp--preset--spacing--50);padding-bottom:var(--wp--preset--spacing--50);padding-left:var(--wp--preset--spacing--50);grid-template-columns:37% auto\"><figure class=\"wp-block-media-text__media\"><img loading=\"lazy\" decoding=\"async\" width=\"1810\" height=\"2560\" src=\"https:\/\/ferdinandkoestler.com\/wp-content\/uploads\/2023\/11\/KarnevalDerKellner_Poster_DEU_WEB-scaled.jpg\" alt=\"\" class=\"wp-image-620 size-full\" srcset=\"https:\/\/ferdinandkoestler.com\/wp-content\/uploads\/2023\/11\/KarnevalDerKellner_Poster_DEU_WEB-scaled.jpg 1810w, https:\/\/ferdinandkoestler.com\/wp-content\/uploads\/2023\/11\/KarnevalDerKellner_Poster_DEU_WEB-212x300.jpg 212w\" sizes=\"auto, (max-width: 1810px) 100vw, 1810px\" \/><\/figure><div class=\"wp-block-media-text__content\">\n<p class=\"has-luminous-vivid-amber-background-color has-background has-medium-font-size\"><strong>Carnival of waiters (2019)<\/strong><\/p>\n\n\n\n<p class=\"has-luminous-vivid-amber-background-color has-background has-normal-font-size\">Three Russian jewel thieves are forced to take refuge in a caf\u00e9 due to a malfunctioning getaway car. The cafe\u2019s literature-loving waiter is overwhelmed, and a fourth accomplice is alerted via phone: a new escape vehicle will arrive in ten minutes. Unfortunately, two police officers sit in the caf\u00e9 and mistake the three criminals for the cafe\u2019s staff.<\/p>\n\n\n\n<p class=\"has-luminous-vivid-amber-background-color has-background has-normal-font-size\"><strong>Awards:<br><\/strong>Audience Award (Best Short Film) at the Independent Days Karlsruhe<br>Best Comedy at the Austrian Film Festival<br>2nd place (Audience Award) at Blende Eins<\/p>\n\n\n\n<p class=\"has-luminous-vivid-amber-background-color has-background has-normal-font-size\"><strong>Festival nominations:<br><\/strong>Landshuter Kurzfilmfestival<br>Independent Days Karlsruhe<br>Bolzano Filmfestival Bozen<br>F\u00fcnf Seen Filmfestival<br>FILMZ &#8211; Festival des deutschen Kinos<br>Filmfestival Radstadt<br>filmzeitkaufbeuren<br>Austrian Film Festival<br>Lund Fantastic Film Festival<br>Blende Eins Shortfilmfest Wilhelmshaven<br>Europ\u00e4isches Filmfest G\u00f6ttingen<\/p>\n<\/div><\/div>\n\n\n\n<p class=\"has-text-align-center has-medium-font-size\">Film stills<\/p>\n\n\n\n<figure class=\"wp-block-gallery alignwide has-nested-images columns-2 is-cropped has-background-background-color has-background wp-block-gallery-1 is-layout-flex wp-block-gallery-is-layout-flex\">\n<figure class=\"wp-block-image size-large\"><img loading=\"lazy\" decoding=\"async\" width=\"1024\" height=\"554\" data-id=\"594\" src=\"https:\/\/ferdinandkoestler.com\/wp-content\/uploads\/2023\/11\/1.1.1_1.1.1-2-1024x554.jpg\" alt=\"\" class=\"wp-image-594\" srcset=\"https:\/\/ferdinandkoestler.com\/wp-content\/uploads\/2023\/11\/1.1.1_1.1.1-2-1024x554.jpg 1024w, https:\/\/ferdinandkoestler.com\/wp-content\/uploads\/2023\/11\/1.1.1_1.1.1-2-300x162.jpg 300w, https:\/\/ferdinandkoestler.com\/wp-content\/uploads\/2023\/11\/1.1.1_1.1.1-2-768x415.jpg 768w, https:\/\/ferdinandkoestler.com\/wp-content\/uploads\/2023\/11\/1.1.1_1.1.1-2-1536x830.jpg 1536w, https:\/\/ferdinandkoestler.com\/wp-content\/uploads\/2023\/11\/1.1.1_1.1.1-2.jpg 1920w\" sizes=\"auto, (max-width: 1024px) 100vw, 1024px\" \/><\/figure>\n\n\n\n<figure class=\"wp-block-image size-large\"><img loading=\"lazy\" decoding=\"async\" width=\"1024\" height=\"551\" data-id=\"606\" src=\"https:\/\/ferdinandkoestler.com\/wp-content\/uploads\/2023\/11\/1.1.2_1.1.2-1024x551.jpg\" alt=\"\" class=\"wp-image-606\" srcset=\"https:\/\/ferdinandkoestler.com\/wp-content\/uploads\/2023\/11\/1.1.2_1.1.2-1024x551.jpg 1024w, https:\/\/ferdinandkoestler.com\/wp-content\/uploads\/2023\/11\/1.1.2_1.1.2-300x162.jpg 300w, https:\/\/ferdinandkoestler.com\/wp-content\/uploads\/2023\/11\/1.1.2_1.1.2-768x414.jpg 768w, https:\/\/ferdinandkoestler.com\/wp-content\/uploads\/2023\/11\/1.1.2_1.1.2-1536x827.jpg 1536w, https:\/\/ferdinandkoestler.com\/wp-content\/uploads\/2023\/11\/1.1.2_1.1.2.jpg 1920w\" sizes=\"auto, (max-width: 1024px) 100vw, 1024px\" \/><\/figure>\n\n\n\n<figure class=\"wp-block-image size-large\"><img loading=\"lazy\" decoding=\"async\" width=\"1024\" height=\"555\" data-id=\"607\" src=\"https:\/\/ferdinandkoestler.com\/wp-content\/uploads\/2023\/11\/1.1.6_1.1.6-1-1024x555.jpg\" alt=\"\" class=\"wp-image-607\" srcset=\"https:\/\/ferdinandkoestler.com\/wp-content\/uploads\/2023\/11\/1.1.6_1.1.6-1-1024x555.jpg 1024w, https:\/\/ferdinandkoestler.com\/wp-content\/uploads\/2023\/11\/1.1.6_1.1.6-1-300x163.jpg 300w, https:\/\/ferdinandkoestler.com\/wp-content\/uploads\/2023\/11\/1.1.6_1.1.6-1-768x416.jpg 768w, https:\/\/ferdinandkoestler.com\/wp-content\/uploads\/2023\/11\/1.1.6_1.1.6-1-1536x832.jpg 1536w, https:\/\/ferdinandkoestler.com\/wp-content\/uploads\/2023\/11\/1.1.6_1.1.6-1.jpg 1920w\" sizes=\"auto, (max-width: 1024px) 100vw, 1024px\" \/><\/figure>\n\n\n\n<figure class=\"wp-block-image size-large\"><img loading=\"lazy\" decoding=\"async\" width=\"1024\" height=\"555\" data-id=\"608\" src=\"https:\/\/ferdinandkoestler.com\/wp-content\/uploads\/2023\/11\/1.1.7_1.1.7-1-1024x555.jpg\" alt=\"\" class=\"wp-image-608\" srcset=\"https:\/\/ferdinandkoestler.com\/wp-content\/uploads\/2023\/11\/1.1.7_1.1.7-1-1024x555.jpg 1024w, https:\/\/ferdinandkoestler.com\/wp-content\/uploads\/2023\/11\/1.1.7_1.1.7-1-300x163.jpg 300w, https:\/\/ferdinandkoestler.com\/wp-content\/uploads\/2023\/11\/1.1.7_1.1.7-1-768x416.jpg 768w, https:\/\/ferdinandkoestler.com\/wp-content\/uploads\/2023\/11\/1.1.7_1.1.7-1-1536x832.jpg 1536w, https:\/\/ferdinandkoestler.com\/wp-content\/uploads\/2023\/11\/1.1.7_1.1.7-1.jpg 1920w\" sizes=\"auto, (max-width: 1024px) 100vw, 1024px\" \/><\/figure>\n\n\n\n<figure class=\"wp-block-image size-large\"><img loading=\"lazy\" decoding=\"async\" width=\"1024\" height=\"555\" data-id=\"609\" src=\"https:\/\/ferdinandkoestler.com\/wp-content\/uploads\/2023\/11\/1.1.4_1.1.4-1-1024x555.jpg\" alt=\"\" class=\"wp-image-609\" srcset=\"https:\/\/ferdinandkoestler.com\/wp-content\/uploads\/2023\/11\/1.1.4_1.1.4-1-1024x555.jpg 1024w, https:\/\/ferdinandkoestler.com\/wp-content\/uploads\/2023\/11\/1.1.4_1.1.4-1-300x163.jpg 300w, https:\/\/ferdinandkoestler.com\/wp-content\/uploads\/2023\/11\/1.1.4_1.1.4-1-768x416.jpg 768w, https:\/\/ferdinandkoestler.com\/wp-content\/uploads\/2023\/11\/1.1.4_1.1.4-1-1536x832.jpg 1536w, https:\/\/ferdinandkoestler.com\/wp-content\/uploads\/2023\/11\/1.1.4_1.1.4-1.jpg 1920w\" sizes=\"auto, (max-width: 1024px) 100vw, 1024px\" \/><\/figure>\n\n\n\n<figure class=\"wp-block-image size-large\"><img loading=\"lazy\" decoding=\"async\" width=\"1024\" height=\"555\" data-id=\"610\" src=\"https:\/\/ferdinandkoestler.com\/wp-content\/uploads\/2023\/11\/1.1.8_1.1.8-1-1024x555.jpg\" alt=\"\" class=\"wp-image-610\" srcset=\"https:\/\/ferdinandkoestler.com\/wp-content\/uploads\/2023\/11\/1.1.8_1.1.8-1-1024x555.jpg 1024w, https:\/\/ferdinandkoestler.com\/wp-content\/uploads\/2023\/11\/1.1.8_1.1.8-1-300x163.jpg 300w, https:\/\/ferdinandkoestler.com\/wp-content\/uploads\/2023\/11\/1.1.8_1.1.8-1-768x416.jpg 768w, https:\/\/ferdinandkoestler.com\/wp-content\/uploads\/2023\/11\/1.1.8_1.1.8-1-1536x832.jpg 1536w, https:\/\/ferdinandkoestler.com\/wp-content\/uploads\/2023\/11\/1.1.8_1.1.8-1.jpg 1920w\" sizes=\"auto, (max-width: 1024px) 100vw, 1024px\" \/><\/figure>\n\n\n\n<figure class=\"wp-block-image size-large\"><img loading=\"lazy\" decoding=\"async\" width=\"1024\" height=\"555\" data-id=\"611\" src=\"https:\/\/ferdinandkoestler.com\/wp-content\/uploads\/2023\/11\/1.1.5_1.1.5-1-1024x555.jpg\" alt=\"\" class=\"wp-image-611\" srcset=\"https:\/\/ferdinandkoestler.com\/wp-content\/uploads\/2023\/11\/1.1.5_1.1.5-1-1024x555.jpg 1024w, https:\/\/ferdinandkoestler.com\/wp-content\/uploads\/2023\/11\/1.1.5_1.1.5-1-300x163.jpg 300w, https:\/\/ferdinandkoestler.com\/wp-content\/uploads\/2023\/11\/1.1.5_1.1.5-1-768x416.jpg 768w, https:\/\/ferdinandkoestler.com\/wp-content\/uploads\/2023\/11\/1.1.5_1.1.5-1-1536x832.jpg 1536w, https:\/\/ferdinandkoestler.com\/wp-content\/uploads\/2023\/11\/1.1.5_1.1.5-1.jpg 1920w\" sizes=\"auto, (max-width: 1024px) 100vw, 1024px\" \/><\/figure>\n\n\n\n<figure class=\"wp-block-image size-large\"><img loading=\"lazy\" decoding=\"async\" width=\"1024\" height=\"555\" data-id=\"612\" src=\"https:\/\/ferdinandkoestler.com\/wp-content\/uploads\/2023\/11\/1.1.3_1.1.3-2-1024x555.jpg\" alt=\"\" class=\"wp-image-612\" srcset=\"https:\/\/ferdinandkoestler.com\/wp-content\/uploads\/2023\/11\/1.1.3_1.1.3-2-1024x555.jpg 1024w, https:\/\/ferdinandkoestler.com\/wp-content\/uploads\/2023\/11\/1.1.3_1.1.3-2-300x163.jpg 300w, https:\/\/ferdinandkoestler.com\/wp-content\/uploads\/2023\/11\/1.1.3_1.1.3-2-768x416.jpg 768w, https:\/\/ferdinandkoestler.com\/wp-content\/uploads\/2023\/11\/1.1.3_1.1.3-2-1536x832.jpg 1536w, https:\/\/ferdinandkoestler.com\/wp-content\/uploads\/2023\/11\/1.1.3_1.1.3-2.jpg 1920w\" sizes=\"auto, (max-width: 1024px) 100vw, 1024px\" \/><\/figure>\n\n\n\n<figure class=\"wp-block-image size-large\"><img loading=\"lazy\" decoding=\"async\" width=\"1024\" height=\"555\" data-id=\"613\" src=\"https:\/\/ferdinandkoestler.com\/wp-content\/uploads\/2023\/11\/1.1.9_1.1.9-1-1024x555.jpg\" alt=\"\" class=\"wp-image-613\" srcset=\"https:\/\/ferdinandkoestler.com\/wp-content\/uploads\/2023\/11\/1.1.9_1.1.9-1-1024x555.jpg 1024w, https:\/\/ferdinandkoestler.com\/wp-content\/uploads\/2023\/11\/1.1.9_1.1.9-1-300x163.jpg 300w, https:\/\/ferdinandkoestler.com\/wp-content\/uploads\/2023\/11\/1.1.9_1.1.9-1-768x416.jpg 768w, https:\/\/ferdinandkoestler.com\/wp-content\/uploads\/2023\/11\/1.1.9_1.1.9-1-1536x832.jpg 1536w, https:\/\/ferdinandkoestler.com\/wp-content\/uploads\/2023\/11\/1.1.9_1.1.9-1.jpg 1920w\" sizes=\"auto, (max-width: 1024px) 100vw, 1024px\" \/><\/figure>\n\n\n\n<figure class=\"wp-block-image size-large\"><img loading=\"lazy\" decoding=\"async\" width=\"1024\" height=\"555\" data-id=\"614\" src=\"https:\/\/ferdinandkoestler.com\/wp-content\/uploads\/2023\/11\/1.1.10_1.1.10-1-1024x555.jpg\" alt=\"\" class=\"wp-image-614\" srcset=\"https:\/\/ferdinandkoestler.com\/wp-content\/uploads\/2023\/11\/1.1.10_1.1.10-1-1024x555.jpg 1024w, https:\/\/ferdinandkoestler.com\/wp-content\/uploads\/2023\/11\/1.1.10_1.1.10-1-300x163.jpg 300w, https:\/\/ferdinandkoestler.com\/wp-content\/uploads\/2023\/11\/1.1.10_1.1.10-1-768x416.jpg 768w, https:\/\/ferdinandkoestler.com\/wp-content\/uploads\/2023\/11\/1.1.10_1.1.10-1-1536x832.jpg 1536w, https:\/\/ferdinandkoestler.com\/wp-content\/uploads\/2023\/11\/1.1.10_1.1.10-1.jpg 1920w\" sizes=\"auto, (max-width: 1024px) 100vw, 1024px\" \/><\/figure>\n<\/figure>\n\n\n\n<div style=\"height:100px\" aria-hidden=\"true\" class=\"wp-block-spacer\"><\/div>\n\n\n\n<p class=\"has-text-align-center has-medium-font-size\">Stream now:<\/p>\n\n\n\n<div class=\"wp-block-columns alignwide is-layout-flex wp-container-core-columns-is-layout-28f84493 wp-block-columns-is-layout-flex\">\n<div class=\"wp-block-column is-layout-flow wp-block-column-is-layout-flow\">\n<figure class=\"wp-embed-aspect-16-9 wp-has-aspect-ratio wp-block-embed is-type-video is-provider-vimeo wp-block-embed-vimeo\"><div class=\"wp-block-embed__wrapper\">\n<iframe loading=\"lazy\" title=\"Carnival of waiters\" src=\"https:\/\/player.vimeo.com\/video\/307469387?dnt=1&amp;app_id=122963\" width=\"500\" height=\"270\" frameborder=\"0\" allow=\"autoplay; fullscreen; picture-in-picture; clipboard-write\"><\/iframe>\n<\/div><figcaption class=\"wp-element-caption\">&nbsp;<\/figcaption><\/figure>\n<\/div>\n<\/div>\n\n\n\n<div style=\"height:40px\" aria-hidden=\"true\" class=\"wp-block-spacer\"><\/div>\n\n\n\n<p class=\"has-text-align-center has-normal-font-size\"><a href=\"https:\/\/ferdinandkoestler.com\/en\/impressum\/\">Impressum<\/a><\/p>\n\n\n\n<div class=\"wp-block-columns alignfull has-primary-background-color has-background is-layout-flex wp-container-core-columns-is-layout-28f84493 wp-block-columns-is-layout-flex\">\n<div class=\"wp-block-column is-layout-flow wp-block-column-is-layout-flow\">\n<div class=\"wp-block-cover\" style=\"min-height:200px;aspect-ratio:unset;\"><img loading=\"lazy\" decoding=\"async\" width=\"1920\" height=\"960\" class=\"wp-block-cover__image-background wp-image-22\" alt=\"\" src=\"https:\/\/ferdinandkoestler.com\/wp-content\/uploads\/2023\/01\/tds2.png\" style=\"object-position:50% 51%\" data-object-fit=\"cover\" data-object-position=\"50% 51%\" srcset=\"https:\/\/ferdinandkoestler.com\/wp-content\/uploads\/2023\/01\/tds2.png 1920w, https:\/\/ferdinandkoestler.com\/wp-content\/uploads\/2023\/01\/tds2-300x150.png 300w, https:\/\/ferdinandkoestler.com\/wp-content\/uploads\/2023\/01\/tds2-1024x512.png 1024w, https:\/\/ferdinandkoestler.com\/wp-content\/uploads\/2023\/01\/tds2-768x384.png 768w, https:\/\/ferdinandkoestler.com\/wp-content\/uploads\/2023\/01\/tds2-1536x768.png 1536w\" sizes=\"auto, (max-width: 1920px) 100vw, 1920px\" \/><span aria-hidden=\"true\" class=\"wp-block-cover__background has-background-dim\"><\/span><div class=\"wp-block-cover__inner-container has-global-padding is-layout-constrained wp-block-cover-is-layout-constrained\">\n<p class=\"has-text-align-center has-foreground-color has-text-color has-normal-font-size\"><a href=\"https:\/\/ferdinandkoestler.com\/en\/triumph-des-schauspielers\/\">Visitors who watched this film also watched<br><strong>Triumph of the actor<\/strong><br><strong>2021<\/strong><\/a><\/p>\n<\/div><\/div>\n<\/div>\n<\/div>","protected":false},"excerpt":{"rendered":"<p>Karneval der Kellner (2019) Drei russische Juwelendiebe sind aufgrund eines kaputten Fluchtautos gezwungen, in einem Kaffeehaus Unterschlupf zu suchen. Der literaturbegeisterte Kellner wird \u00fcberw\u00e4ltigt, ein vierter Komplize \u00fcbers Telefon verst\u00e4ndigt: ein neuer Fluchtwagen ist in zehn Minuten da. Doch ungl\u00fccklicherweise nehmen zwei Polizisten im Kaffeehaus Platz und halten die drei Kriminellen f\u00fcr die Bedienung des [&hellip;]<\/p>\n","protected":false},"author":2,"featured_media":0,"parent":0,"menu_order":0,"comment_status":"closed","ping_status":"closed","template":"page-no-title","meta":{"nf_dc_page":"","om_disable_all_campaigns":false,"_monsterinsights_skip_tracking":false,"_monsterinsights_sitenote_active":false,"_monsterinsights_sitenote_note":"","_monsterinsights_sitenote_category":0,"footnotes":""},"class_list":["post-195","page","type-page","status-publish","hentry"],"yoast_head":"<!-- This site is optimized with the Yoast SEO plugin v27.4 - https:\/\/yoast.com\/product\/yoast-seo-wordpress\/ -->\n<title>Karneval der Kellner - Ferdinand Koestler<\/title>\n<meta name=\"robots\" content=\"index, follow, max-snippet:-1, max-image-preview:large, max-video-preview:-1\" \/>\n<link rel=\"canonical\" href=\"https:\/\/ferdinandkoestler.com\/en\/karneval-der-kellner\/\" \/>\n<meta property=\"og:locale\" content=\"en_US\" \/>\n<meta property=\"og:type\" content=\"article\" \/>\n<meta property=\"og:title\" content=\"Karneval der Kellner - Ferdinand Koestler\" \/>\n<meta property=\"og:description\" content=\"Karneval der Kellner (2019) Drei russische Juwelendiebe sind aufgrund eines kaputten Fluchtautos gezwungen, in einem Kaffeehaus Unterschlupf zu suchen. Der literaturbegeisterte Kellner wird \u00fcberw\u00e4ltigt, ein vierter Komplize \u00fcbers Telefon verst\u00e4ndigt: ein neuer Fluchtwagen ist in zehn Minuten da. Doch ungl\u00fccklicherweise nehmen zwei Polizisten im Kaffeehaus Platz und halten die drei Kriminellen f\u00fcr die Bedienung des [&hellip;]\" \/>\n<meta property=\"og:url\" content=\"https:\/\/ferdinandkoestler.com\/en\/karneval-der-kellner\/\" \/>\n<meta property=\"og:site_name\" content=\"Ferdinand Koestler\" \/>\n<meta property=\"article:modified_time\" content=\"2025-09-19T13:50:57+00:00\" \/>\n<meta property=\"og:image\" content=\"https:\/\/ferdinandkoestler.com\/wp-content\/uploads\/2023\/11\/KarnevalDerKellner_Poster_DEU_WEB-scaled.jpg\" \/>\n\t<meta property=\"og:image:width\" content=\"1810\" \/>\n\t<meta property=\"og:image:height\" content=\"2560\" \/>\n\t<meta property=\"og:image:type\" content=\"image\/jpeg\" \/>\n<meta name=\"twitter:card\" content=\"summary_large_image\" \/>\n<meta name=\"twitter:label1\" content=\"Est. reading time\" \/>\n\t<meta name=\"twitter:data1\" content=\"3 minutes\" \/>\n<script type=\"application\/ld+json\" class=\"yoast-schema-graph\">{\"@context\":\"https:\\\/\\\/schema.org\",\"@graph\":[{\"@type\":\"WebPage\",\"@id\":\"https:\\\/\\\/ferdinandkoestler.com\\\/karneval-der-kellner\\\/\",\"url\":\"https:\\\/\\\/ferdinandkoestler.com\\\/karneval-der-kellner\\\/\",\"name\":\"Karneval der Kellner - Ferdinand Koestler\",\"isPartOf\":{\"@id\":\"https:\\\/\\\/ferdinandkoestler.com\\\/#website\"},\"primaryImageOfPage\":{\"@id\":\"https:\\\/\\\/ferdinandkoestler.com\\\/karneval-der-kellner\\\/#primaryimage\"},\"image\":{\"@id\":\"https:\\\/\\\/ferdinandkoestler.com\\\/karneval-der-kellner\\\/#primaryimage\"},\"thumbnailUrl\":\"https:\\\/\\\/ferdinandkoestler.com\\\/wp-content\\\/uploads\\\/2023\\\/11\\\/KarnevalDerKellner_Poster_DEU_WEB-scaled.jpg\",\"datePublished\":\"2023-01-27T14:47:31+00:00\",\"dateModified\":\"2025-09-19T13:50:57+00:00\",\"breadcrumb\":{\"@id\":\"https:\\\/\\\/ferdinandkoestler.com\\\/karneval-der-kellner\\\/#breadcrumb\"},\"inLanguage\":\"en-US\",\"potentialAction\":[{\"@type\":\"ReadAction\",\"target\":[\"https:\\\/\\\/ferdinandkoestler.com\\\/karneval-der-kellner\\\/\"]}]},{\"@type\":\"ImageObject\",\"inLanguage\":\"en-US\",\"@id\":\"https:\\\/\\\/ferdinandkoestler.com\\\/karneval-der-kellner\\\/#primaryimage\",\"url\":\"https:\\\/\\\/ferdinandkoestler.com\\\/wp-content\\\/uploads\\\/2023\\\/11\\\/KarnevalDerKellner_Poster_DEU_WEB-scaled.jpg\",\"contentUrl\":\"https:\\\/\\\/ferdinandkoestler.com\\\/wp-content\\\/uploads\\\/2023\\\/11\\\/KarnevalDerKellner_Poster_DEU_WEB-scaled.jpg\"},{\"@type\":\"BreadcrumbList\",\"@id\":\"https:\\\/\\\/ferdinandkoestler.com\\\/karneval-der-kellner\\\/#breadcrumb\",\"itemListElement\":[{\"@type\":\"ListItem\",\"position\":1,\"name\":\"Home\",\"item\":\"https:\\\/\\\/ferdinandkoestler.com\\\/\"},{\"@type\":\"ListItem\",\"position\":2,\"name\":\"Karneval der Kellner\"}]},{\"@type\":\"WebSite\",\"@id\":\"https:\\\/\\\/ferdinandkoestler.com\\\/#website\",\"url\":\"https:\\\/\\\/ferdinandkoestler.com\\\/\",\"name\":\"Ferdinand Koestler\",\"description\":\"Ein Einblick in die Gestaltung von Ferdinands Kameraarbeit\",\"potentialAction\":[{\"@type\":\"SearchAction\",\"target\":{\"@type\":\"EntryPoint\",\"urlTemplate\":\"https:\\\/\\\/ferdinandkoestler.com\\\/?s={search_term_string}\"},\"query-input\":{\"@type\":\"PropertyValueSpecification\",\"valueRequired\":true,\"valueName\":\"search_term_string\"}}],\"inLanguage\":\"en-US\"}]}<\/script>\n<!-- \/ Yoast SEO plugin. -->","yoast_head_json":{"title":"Karneval der Kellner - Ferdinand Koestler","robots":{"index":"index","follow":"follow","max-snippet":"max-snippet:-1","max-image-preview":"max-image-preview:large","max-video-preview":"max-video-preview:-1"},"canonical":"https:\/\/ferdinandkoestler.com\/en\/karneval-der-kellner\/","og_locale":"en_US","og_type":"article","og_title":"Karneval der Kellner - Ferdinand Koestler","og_description":"Karneval der Kellner (2019) Drei russische Juwelendiebe sind aufgrund eines kaputten Fluchtautos gezwungen, in einem Kaffeehaus Unterschlupf zu suchen. Der literaturbegeisterte Kellner wird \u00fcberw\u00e4ltigt, ein vierter Komplize \u00fcbers Telefon verst\u00e4ndigt: ein neuer Fluchtwagen ist in zehn Minuten da. Doch ungl\u00fccklicherweise nehmen zwei Polizisten im Kaffeehaus Platz und halten die drei Kriminellen f\u00fcr die Bedienung des [&hellip;]","og_url":"https:\/\/ferdinandkoestler.com\/en\/karneval-der-kellner\/","og_site_name":"Ferdinand Koestler","article_modified_time":"2025-09-19T13:50:57+00:00","og_image":[{"width":1810,"height":2560,"url":"https:\/\/ferdinandkoestler.com\/wp-content\/uploads\/2023\/11\/KarnevalDerKellner_Poster_DEU_WEB-scaled.jpg","type":"image\/jpeg"}],"twitter_card":"summary_large_image","twitter_misc":{"Est. reading time":"3 minutes"},"schema":{"@context":"https:\/\/schema.org","@graph":[{"@type":"WebPage","@id":"https:\/\/ferdinandkoestler.com\/karneval-der-kellner\/","url":"https:\/\/ferdinandkoestler.com\/karneval-der-kellner\/","name":"Karneval der Kellner - Ferdinand Koestler","isPartOf":{"@id":"https:\/\/ferdinandkoestler.com\/#website"},"primaryImageOfPage":{"@id":"https:\/\/ferdinandkoestler.com\/karneval-der-kellner\/#primaryimage"},"image":{"@id":"https:\/\/ferdinandkoestler.com\/karneval-der-kellner\/#primaryimage"},"thumbnailUrl":"https:\/\/ferdinandkoestler.com\/wp-content\/uploads\/2023\/11\/KarnevalDerKellner_Poster_DEU_WEB-scaled.jpg","datePublished":"2023-01-27T14:47:31+00:00","dateModified":"2025-09-19T13:50:57+00:00","breadcrumb":{"@id":"https:\/\/ferdinandkoestler.com\/karneval-der-kellner\/#breadcrumb"},"inLanguage":"en-US","potentialAction":[{"@type":"ReadAction","target":["https:\/\/ferdinandkoestler.com\/karneval-der-kellner\/"]}]},{"@type":"ImageObject","inLanguage":"en-US","@id":"https:\/\/ferdinandkoestler.com\/karneval-der-kellner\/#primaryimage","url":"https:\/\/ferdinandkoestler.com\/wp-content\/uploads\/2023\/11\/KarnevalDerKellner_Poster_DEU_WEB-scaled.jpg","contentUrl":"https:\/\/ferdinandkoestler.com\/wp-content\/uploads\/2023\/11\/KarnevalDerKellner_Poster_DEU_WEB-scaled.jpg"},{"@type":"BreadcrumbList","@id":"https:\/\/ferdinandkoestler.com\/karneval-der-kellner\/#breadcrumb","itemListElement":[{"@type":"ListItem","position":1,"name":"Home","item":"https:\/\/ferdinandkoestler.com\/"},{"@type":"ListItem","position":2,"name":"Karneval der Kellner"}]},{"@type":"WebSite","@id":"https:\/\/ferdinandkoestler.com\/#website","url":"https:\/\/ferdinandkoestler.com\/","name":"Ferdinand Koestler","description":"Ein Einblick in die Gestaltung von Ferdinands Kameraarbeit","potentialAction":[{"@type":"SearchAction","target":{"@type":"EntryPoint","urlTemplate":"https:\/\/ferdinandkoestler.com\/?s={search_term_string}"},"query-input":{"@type":"PropertyValueSpecification","valueRequired":true,"valueName":"search_term_string"}}],"inLanguage":"en-US"}]}},"_links":{"self":[{"href":"https:\/\/ferdinandkoestler.com\/en\/wp-json\/wp\/v2\/pages\/195","targetHints":{"allow":["GET"]}}],"collection":[{"href":"https:\/\/ferdinandkoestler.com\/en\/wp-json\/wp\/v2\/pages"}],"about":[{"href":"https:\/\/ferdinandkoestler.com\/en\/wp-json\/wp\/v2\/types\/page"}],"author":[{"embeddable":true,"href":"https:\/\/ferdinandkoestler.com\/en\/wp-json\/wp\/v2\/users\/2"}],"replies":[{"embeddable":true,"href":"https:\/\/ferdinandkoestler.com\/en\/wp-json\/wp\/v2\/comments?post=195"}],"version-history":[{"count":10,"href":"https:\/\/ferdinandkoestler.com\/en\/wp-json\/wp\/v2\/pages\/195\/revisions"}],"predecessor-version":[{"id":752,"href":"https:\/\/ferdinandkoestler.com\/en\/wp-json\/wp\/v2\/pages\/195\/revisions\/752"}],"wp:attachment":[{"href":"https:\/\/ferdinandkoestler.com\/en\/wp-json\/wp\/v2\/media?parent=195"}],"curies":[{"name":"wp","href":"https:\/\/api.w.org\/{rel}","templated":true}]}}