{"id":306,"date":"2023-08-31T12:13:31","date_gmt":"2023-08-31T12:13:31","guid":{"rendered":"https:\/\/ferdinandkoestler.com\/?page_id=306"},"modified":"2025-01-08T20:59:34","modified_gmt":"2025-01-08T20:59:34","slug":"labyrinth","status":"publish","type":"page","link":"https:\/\/ferdinandkoestler.com\/en\/labyrinth\/","title":{"rendered":"Labyrinth"},"content":{"rendered":"<div class=\"wp-block-media-text alignwide is-stacked-on-mobile is-vertically-aligned-center has-pale-cyan-blue-background-color has-background\" style=\"margin-top:0;margin-right:0;margin-bottom:0;margin-left:0;padding-top:var(--wp--preset--spacing--50);padding-right:var(--wp--preset--spacing--50);padding-bottom:var(--wp--preset--spacing--50);padding-left:var(--wp--preset--spacing--50);grid-template-columns:27% auto\"><figure class=\"wp-block-media-text__media\"><img decoding=\"async\" src=\"https:\/\/ferdinandkoestler.com\/wp-content\/uploads\/2023\/08\/Labyr_Poster.jpg\" alt=\"\" class=\"wp-image-383 size-full\"\/><\/figure><div class=\"wp-block-media-text__content\">\n<p class=\"has-pale-cyan-blue-background-color has-background has-medium-font-size\" style=\"padding-top:0;padding-right:0;padding-bottom:0;padding-left:0\"><strong>Labyrinth (2020)<\/strong><\/p>\n\n\n\n<p class=\"has-pale-cyan-blue-background-color has-background has-normal-font-size\" style=\"padding-top:0;padding-right:0;padding-bottom:0;padding-left:0\">The short film \u201cLabyrinth\u201d tells the moving story of an elderly woman suffering from dementia. Viewers are immersed in her world, where the boundaries between past and present become blurred. The protagonist finds herself in a constant struggle between her memories and reality. Her memories of her youth as a girl are so vivid that she often cannot distinguish between past and present. The film sensitively depicts this woman's emotional journey and conveys the challenges faced by people with dementia and their loved ones. \u2018Labyrinth\u2019 is a touching short film about the nature of memory and the power of the human spirit.<\/p>\n<\/div><\/div>\n\n\n\n<p class=\"has-text-align-center has-medium-font-size\">Film stills<\/p>\n\n\n\n<figure class=\"wp-block-gallery alignwide has-nested-images columns-2 is-cropped has-background-background-color has-background wp-block-gallery-1 is-layout-flex wp-block-gallery-is-layout-flex\">\n<figure class=\"wp-block-image size-large\"><img loading=\"lazy\" decoding=\"async\" width=\"1024\" height=\"512\" data-id=\"310\" src=\"https:\/\/ferdinandkoestler.com\/wp-content\/uploads\/2023\/08\/Labyrinthjpg_1.1.1-1024x512.jpg\" alt=\"\" class=\"wp-image-310\" srcset=\"https:\/\/ferdinandkoestler.com\/wp-content\/uploads\/2023\/08\/Labyrinthjpg_1.1.1-1024x512.jpg 1024w, https:\/\/ferdinandkoestler.com\/wp-content\/uploads\/2023\/08\/Labyrinthjpg_1.1.1-300x150.jpg 300w, https:\/\/ferdinandkoestler.com\/wp-content\/uploads\/2023\/08\/Labyrinthjpg_1.1.1-768x384.jpg 768w, https:\/\/ferdinandkoestler.com\/wp-content\/uploads\/2023\/08\/Labyrinthjpg_1.1.1-1536x768.jpg 1536w, https:\/\/ferdinandkoestler.com\/wp-content\/uploads\/2023\/08\/Labyrinthjpg_1.1.1.jpg 1920w\" sizes=\"auto, (max-width: 1024px) 100vw, 1024px\" \/><\/figure>\n\n\n\n<figure class=\"wp-block-image size-large\"><img loading=\"lazy\" decoding=\"async\" width=\"1024\" height=\"512\" data-id=\"311\" src=\"https:\/\/ferdinandkoestler.com\/wp-content\/uploads\/2023\/08\/Labyrinthjpg_1.1.8-1024x512.jpg\" alt=\"\" class=\"wp-image-311\" srcset=\"https:\/\/ferdinandkoestler.com\/wp-content\/uploads\/2023\/08\/Labyrinthjpg_1.1.8-1024x512.jpg 1024w, https:\/\/ferdinandkoestler.com\/wp-content\/uploads\/2023\/08\/Labyrinthjpg_1.1.8-300x150.jpg 300w, https:\/\/ferdinandkoestler.com\/wp-content\/uploads\/2023\/08\/Labyrinthjpg_1.1.8-768x384.jpg 768w, https:\/\/ferdinandkoestler.com\/wp-content\/uploads\/2023\/08\/Labyrinthjpg_1.1.8-1536x768.jpg 1536w, https:\/\/ferdinandkoestler.com\/wp-content\/uploads\/2023\/08\/Labyrinthjpg_1.1.8.jpg 1920w\" sizes=\"auto, (max-width: 1024px) 100vw, 1024px\" \/><\/figure>\n\n\n\n<figure class=\"wp-block-image size-large\"><img loading=\"lazy\" decoding=\"async\" width=\"1024\" height=\"512\" data-id=\"312\" src=\"https:\/\/ferdinandkoestler.com\/wp-content\/uploads\/2023\/08\/Labyrinthjpg_1.1.7-1024x512.jpg\" alt=\"\" class=\"wp-image-312\" srcset=\"https:\/\/ferdinandkoestler.com\/wp-content\/uploads\/2023\/08\/Labyrinthjpg_1.1.7-1024x512.jpg 1024w, https:\/\/ferdinandkoestler.com\/wp-content\/uploads\/2023\/08\/Labyrinthjpg_1.1.7-300x150.jpg 300w, https:\/\/ferdinandkoestler.com\/wp-content\/uploads\/2023\/08\/Labyrinthjpg_1.1.7-768x384.jpg 768w, https:\/\/ferdinandkoestler.com\/wp-content\/uploads\/2023\/08\/Labyrinthjpg_1.1.7-1536x768.jpg 1536w, https:\/\/ferdinandkoestler.com\/wp-content\/uploads\/2023\/08\/Labyrinthjpg_1.1.7.jpg 1920w\" sizes=\"auto, (max-width: 1024px) 100vw, 1024px\" \/><\/figure>\n\n\n\n<figure class=\"wp-block-image size-large\"><img loading=\"lazy\" decoding=\"async\" width=\"1024\" height=\"512\" data-id=\"314\" src=\"https:\/\/ferdinandkoestler.com\/wp-content\/uploads\/2023\/08\/Labyrinthjpg_1.1.5-1024x512.jpg\" alt=\"\" class=\"wp-image-314\" srcset=\"https:\/\/ferdinandkoestler.com\/wp-content\/uploads\/2023\/08\/Labyrinthjpg_1.1.5-1024x512.jpg 1024w, https:\/\/ferdinandkoestler.com\/wp-content\/uploads\/2023\/08\/Labyrinthjpg_1.1.5-300x150.jpg 300w, https:\/\/ferdinandkoestler.com\/wp-content\/uploads\/2023\/08\/Labyrinthjpg_1.1.5-768x384.jpg 768w, https:\/\/ferdinandkoestler.com\/wp-content\/uploads\/2023\/08\/Labyrinthjpg_1.1.5-1536x768.jpg 1536w, https:\/\/ferdinandkoestler.com\/wp-content\/uploads\/2023\/08\/Labyrinthjpg_1.1.5.jpg 1920w\" sizes=\"auto, (max-width: 1024px) 100vw, 1024px\" \/><\/figure>\n\n\n\n<figure class=\"wp-block-image size-large\"><img loading=\"lazy\" decoding=\"async\" width=\"1024\" height=\"512\" data-id=\"315\" src=\"https:\/\/ferdinandkoestler.com\/wp-content\/uploads\/2023\/08\/Labyrinthjpg_1.1.4-1024x512.jpg\" alt=\"\" class=\"wp-image-315\" srcset=\"https:\/\/ferdinandkoestler.com\/wp-content\/uploads\/2023\/08\/Labyrinthjpg_1.1.4-1024x512.jpg 1024w, https:\/\/ferdinandkoestler.com\/wp-content\/uploads\/2023\/08\/Labyrinthjpg_1.1.4-300x150.jpg 300w, https:\/\/ferdinandkoestler.com\/wp-content\/uploads\/2023\/08\/Labyrinthjpg_1.1.4-768x384.jpg 768w, https:\/\/ferdinandkoestler.com\/wp-content\/uploads\/2023\/08\/Labyrinthjpg_1.1.4-1536x768.jpg 1536w, https:\/\/ferdinandkoestler.com\/wp-content\/uploads\/2023\/08\/Labyrinthjpg_1.1.4.jpg 1920w\" sizes=\"auto, (max-width: 1024px) 100vw, 1024px\" \/><\/figure>\n\n\n\n<figure class=\"wp-block-image size-large\"><img loading=\"lazy\" decoding=\"async\" width=\"1024\" height=\"512\" data-id=\"316\" src=\"https:\/\/ferdinandkoestler.com\/wp-content\/uploads\/2023\/08\/Labyrinthjpg_1.1.2-1024x512.jpg\" alt=\"\" class=\"wp-image-316\" srcset=\"https:\/\/ferdinandkoestler.com\/wp-content\/uploads\/2023\/08\/Labyrinthjpg_1.1.2-1024x512.jpg 1024w, https:\/\/ferdinandkoestler.com\/wp-content\/uploads\/2023\/08\/Labyrinthjpg_1.1.2-300x150.jpg 300w, https:\/\/ferdinandkoestler.com\/wp-content\/uploads\/2023\/08\/Labyrinthjpg_1.1.2-768x384.jpg 768w, https:\/\/ferdinandkoestler.com\/wp-content\/uploads\/2023\/08\/Labyrinthjpg_1.1.2-1536x768.jpg 1536w, https:\/\/ferdinandkoestler.com\/wp-content\/uploads\/2023\/08\/Labyrinthjpg_1.1.2.jpg 1920w\" sizes=\"auto, (max-width: 1024px) 100vw, 1024px\" \/><\/figure>\n\n\n\n<figure class=\"wp-block-image size-large\"><img loading=\"lazy\" decoding=\"async\" width=\"1024\" height=\"512\" data-id=\"317\" src=\"https:\/\/ferdinandkoestler.com\/wp-content\/uploads\/2023\/08\/Labyrinthjpg_1.1.3-1024x512.jpg\" alt=\"\" class=\"wp-image-317\" srcset=\"https:\/\/ferdinandkoestler.com\/wp-content\/uploads\/2023\/08\/Labyrinthjpg_1.1.3-1024x512.jpg 1024w, https:\/\/ferdinandkoestler.com\/wp-content\/uploads\/2023\/08\/Labyrinthjpg_1.1.3-300x150.jpg 300w, https:\/\/ferdinandkoestler.com\/wp-content\/uploads\/2023\/08\/Labyrinthjpg_1.1.3-768x384.jpg 768w, https:\/\/ferdinandkoestler.com\/wp-content\/uploads\/2023\/08\/Labyrinthjpg_1.1.3-1536x768.jpg 1536w, https:\/\/ferdinandkoestler.com\/wp-content\/uploads\/2023\/08\/Labyrinthjpg_1.1.3.jpg 1920w\" sizes=\"auto, (max-width: 1024px) 100vw, 1024px\" \/><\/figure>\n\n\n\n<figure class=\"wp-block-image size-large\"><img loading=\"lazy\" decoding=\"async\" width=\"1024\" height=\"512\" data-id=\"313\" src=\"https:\/\/ferdinandkoestler.com\/wp-content\/uploads\/2023\/08\/Labyrinthjpg_1.1.6-1024x512.jpg\" alt=\"\" class=\"wp-image-313\" srcset=\"https:\/\/ferdinandkoestler.com\/wp-content\/uploads\/2023\/08\/Labyrinthjpg_1.1.6-1024x512.jpg 1024w, https:\/\/ferdinandkoestler.com\/wp-content\/uploads\/2023\/08\/Labyrinthjpg_1.1.6-300x150.jpg 300w, https:\/\/ferdinandkoestler.com\/wp-content\/uploads\/2023\/08\/Labyrinthjpg_1.1.6-768x384.jpg 768w, https:\/\/ferdinandkoestler.com\/wp-content\/uploads\/2023\/08\/Labyrinthjpg_1.1.6-1536x768.jpg 1536w, https:\/\/ferdinandkoestler.com\/wp-content\/uploads\/2023\/08\/Labyrinthjpg_1.1.6.jpg 1920w\" sizes=\"auto, (max-width: 1024px) 100vw, 1024px\" \/><\/figure>\n<\/figure>\n\n\n\n<div class=\"wp-block-columns alignwide is-layout-flex wp-container-core-columns-is-layout-28f84493 wp-block-columns-is-layout-flex\">\n<div class=\"wp-block-column is-layout-flow wp-block-column-is-layout-flow\" style=\"flex-basis:33.33%\">\n<figure class=\"wp-block-image size-large\"><img loading=\"lazy\" decoding=\"async\" width=\"683\" height=\"1024\" src=\"https:\/\/ferdinandkoestler.com\/wp-content\/uploads\/2023\/08\/Labyrinth_BTS01-683x1024.jpg\" alt=\"\" class=\"wp-image-351\" srcset=\"https:\/\/ferdinandkoestler.com\/wp-content\/uploads\/2023\/08\/Labyrinth_BTS01-683x1024.jpg 683w, https:\/\/ferdinandkoestler.com\/wp-content\/uploads\/2023\/08\/Labyrinth_BTS01-200x300.jpg 200w, https:\/\/ferdinandkoestler.com\/wp-content\/uploads\/2023\/08\/Labyrinth_BTS01-768x1152.jpg 768w, https:\/\/ferdinandkoestler.com\/wp-content\/uploads\/2023\/08\/Labyrinth_BTS01-1024x1536.jpg 1024w, https:\/\/ferdinandkoestler.com\/wp-content\/uploads\/2023\/08\/Labyrinth_BTS01.jpg 1653w\" sizes=\"auto, (max-width: 683px) 100vw, 683px\" \/><\/figure>\n<\/div>\n\n\n\n<div class=\"wp-block-column is-layout-flow wp-block-column-is-layout-flow\" style=\"flex-basis:66.66%\">\n<figure class=\"wp-embed-aspect-16-9 wp-has-aspect-ratio wp-block-embed is-type-video is-provider-vimeo wp-block-embed-vimeo\"><div class=\"wp-block-embed__wrapper\">\n<iframe loading=\"lazy\" src=\"https:\/\/player.vimeo.com\/video\/493731990?dnt=1&amp;app_id=122963\" width=\"500\" height=\"270\" frameborder=\"0\" allow=\"autoplay; fullscreen; picture-in-picture; clipboard-write\"><\/iframe>\n<\/div><figcaption class=\"wp-element-caption\">&nbsp;Stream now<\/figcaption><\/figure>\n<\/div>\n<\/div>\n\n\n\n<div style=\"height:100px\" aria-hidden=\"true\" class=\"wp-block-spacer\"><\/div>\n\n\n\n<p class=\"has-text-align-center has-normal-font-size\"><a href=\"https:\/\/ferdinandkoestler.com\/en\/impressum\/\">Impressum<\/a><\/p>\n\n\n\n<div class=\"wp-block-columns alignfull has-primary-background-color has-background is-layout-flex wp-container-core-columns-is-layout-28f84493 wp-block-columns-is-layout-flex\">\n<div class=\"wp-block-column is-layout-flow wp-block-column-is-layout-flow\">\n<div class=\"wp-block-cover is-light\" style=\"min-height:200px;aspect-ratio:unset;\"><span aria-hidden=\"true\" class=\"wp-block-cover__background has-background-dim\"><\/span><img loading=\"lazy\" decoding=\"async\" width=\"1920\" height=\"960\" class=\"wp-block-cover__image-background wp-image-261\" alt=\"\" src=\"https:\/\/ferdinandkoestler.com\/wp-content\/uploads\/2023\/08\/AEESW_Proxy.png\" style=\"object-position:50% 70%\" data-object-fit=\"cover\" data-object-position=\"50% 70%\" srcset=\"https:\/\/ferdinandkoestler.com\/wp-content\/uploads\/2023\/08\/AEESW_Proxy.png 1920w, https:\/\/ferdinandkoestler.com\/wp-content\/uploads\/2023\/08\/AEESW_Proxy-300x150.png 300w, https:\/\/ferdinandkoestler.com\/wp-content\/uploads\/2023\/08\/AEESW_Proxy-1024x512.png 1024w, https:\/\/ferdinandkoestler.com\/wp-content\/uploads\/2023\/08\/AEESW_Proxy-768x384.png 768w, https:\/\/ferdinandkoestler.com\/wp-content\/uploads\/2023\/08\/AEESW_Proxy-1536x768.png 1536w\" sizes=\"auto, (max-width: 1920px) 100vw, 1920px\" \/><div class=\"wp-block-cover__inner-container has-global-padding is-layout-constrained wp-block-cover-is-layout-constrained\">\n<p class=\"has-text-align-center has-foreground-color has-text-color has-normal-font-size\"><a href=\"https:\/\/ferdinandkoestler.com\/en\/als-er-ein-star-war\/\">Visitors who watched this film also watched<br><strong>Heir of the galaxy<\/strong><br><strong>2022<\/strong><\/a><\/p>\n<\/div><\/div>\n<\/div>\n<\/div>","protected":false},"excerpt":{"rendered":"<p>Labyrinth (2020) Der Kurzfilm &#8216;Labyrinth&#8217; erz\u00e4hlt die bewegende Geschichte einer \u00e4lteren Frau, die an Demenz leidet. Die Zuschauer tauchen in ihre Welt ein, in der die Grenzen zwischen Vergangenheit und Gegenwart verschwimmen. Die Protagonistin findet sich in einem st\u00e4ndigen Kampf zwischen ihren Erinnerungen und der Realit\u00e4t wieder. Die Erinnerungen an ihre Jugend als M\u00e4dchen sind [&hellip;]<\/p>\n","protected":false},"author":2,"featured_media":0,"parent":0,"menu_order":0,"comment_status":"closed","ping_status":"closed","template":"page-no-title","meta":{"nf_dc_page":"","om_disable_all_campaigns":false,"_monsterinsights_skip_tracking":false,"_monsterinsights_sitenote_active":false,"_monsterinsights_sitenote_note":"","_monsterinsights_sitenote_category":0,"footnotes":""},"class_list":["post-306","page","type-page","status-publish","hentry"],"yoast_head":"<!-- This site is optimized with the Yoast SEO plugin v27.4 - https:\/\/yoast.com\/product\/yoast-seo-wordpress\/ -->\n<title>Labyrinth - Ferdinand Koestler<\/title>\n<meta name=\"robots\" content=\"index, follow, max-snippet:-1, max-image-preview:large, max-video-preview:-1\" \/>\n<link rel=\"canonical\" href=\"https:\/\/ferdinandkoestler.com\/en\/labyrinth\/\" \/>\n<meta property=\"og:locale\" content=\"en_US\" \/>\n<meta property=\"og:type\" content=\"article\" \/>\n<meta property=\"og:title\" content=\"Labyrinth - Ferdinand Koestler\" \/>\n<meta property=\"og:description\" content=\"Labyrinth (2020) Der Kurzfilm &#8216;Labyrinth&#8217; erz\u00e4hlt die bewegende Geschichte einer \u00e4lteren Frau, die an Demenz leidet. Die Zuschauer tauchen in ihre Welt ein, in der die Grenzen zwischen Vergangenheit und Gegenwart verschwimmen. Die Protagonistin findet sich in einem st\u00e4ndigen Kampf zwischen ihren Erinnerungen und der Realit\u00e4t wieder. Die Erinnerungen an ihre Jugend als M\u00e4dchen sind [&hellip;]\" \/>\n<meta property=\"og:url\" content=\"https:\/\/ferdinandkoestler.com\/en\/labyrinth\/\" \/>\n<meta property=\"og:site_name\" content=\"Ferdinand Koestler\" \/>\n<meta property=\"article:modified_time\" content=\"2025-01-08T20:59:34+00:00\" \/>\n<meta property=\"og:image\" content=\"https:\/\/ferdinandkoestler.com\/wp-content\/uploads\/2023\/08\/Labyr_Poster.jpg\" \/>\n\t<meta property=\"og:image:width\" content=\"1\" \/>\n\t<meta property=\"og:image:height\" content=\"1\" \/>\n\t<meta property=\"og:image:type\" content=\"image\/jpeg\" \/>\n<meta name=\"twitter:card\" content=\"summary_large_image\" \/>\n<meta name=\"twitter:label1\" content=\"Est. reading time\" \/>\n\t<meta name=\"twitter:data1\" content=\"3 minutes\" \/>\n<script type=\"application\/ld+json\" class=\"yoast-schema-graph\">{\"@context\":\"https:\\\/\\\/schema.org\",\"@graph\":[{\"@type\":\"WebPage\",\"@id\":\"https:\\\/\\\/ferdinandkoestler.com\\\/labyrinth\\\/\",\"url\":\"https:\\\/\\\/ferdinandkoestler.com\\\/labyrinth\\\/\",\"name\":\"Labyrinth - Ferdinand Koestler\",\"isPartOf\":{\"@id\":\"https:\\\/\\\/ferdinandkoestler.com\\\/#website\"},\"primaryImageOfPage\":{\"@id\":\"https:\\\/\\\/ferdinandkoestler.com\\\/labyrinth\\\/#primaryimage\"},\"image\":{\"@id\":\"https:\\\/\\\/ferdinandkoestler.com\\\/labyrinth\\\/#primaryimage\"},\"thumbnailUrl\":\"https:\\\/\\\/ferdinandkoestler.com\\\/wp-content\\\/uploads\\\/2023\\\/08\\\/Labyr_Poster.jpg\",\"datePublished\":\"2023-08-31T12:13:31+00:00\",\"dateModified\":\"2025-01-08T20:59:34+00:00\",\"breadcrumb\":{\"@id\":\"https:\\\/\\\/ferdinandkoestler.com\\\/labyrinth\\\/#breadcrumb\"},\"inLanguage\":\"en-US\",\"potentialAction\":[{\"@type\":\"ReadAction\",\"target\":[\"https:\\\/\\\/ferdinandkoestler.com\\\/labyrinth\\\/\"]}]},{\"@type\":\"ImageObject\",\"inLanguage\":\"en-US\",\"@id\":\"https:\\\/\\\/ferdinandkoestler.com\\\/labyrinth\\\/#primaryimage\",\"url\":\"https:\\\/\\\/ferdinandkoestler.com\\\/wp-content\\\/uploads\\\/2023\\\/08\\\/Labyr_Poster.jpg\",\"contentUrl\":\"https:\\\/\\\/ferdinandkoestler.com\\\/wp-content\\\/uploads\\\/2023\\\/08\\\/Labyr_Poster.jpg\"},{\"@type\":\"BreadcrumbList\",\"@id\":\"https:\\\/\\\/ferdinandkoestler.com\\\/labyrinth\\\/#breadcrumb\",\"itemListElement\":[{\"@type\":\"ListItem\",\"position\":1,\"name\":\"Home\",\"item\":\"https:\\\/\\\/ferdinandkoestler.com\\\/\"},{\"@type\":\"ListItem\",\"position\":2,\"name\":\"Labyrinth\"}]},{\"@type\":\"WebSite\",\"@id\":\"https:\\\/\\\/ferdinandkoestler.com\\\/#website\",\"url\":\"https:\\\/\\\/ferdinandkoestler.com\\\/\",\"name\":\"Ferdinand Koestler\",\"description\":\"Ein Einblick in die Gestaltung von Ferdinands Kameraarbeit\",\"potentialAction\":[{\"@type\":\"SearchAction\",\"target\":{\"@type\":\"EntryPoint\",\"urlTemplate\":\"https:\\\/\\\/ferdinandkoestler.com\\\/?s={search_term_string}\"},\"query-input\":{\"@type\":\"PropertyValueSpecification\",\"valueRequired\":true,\"valueName\":\"search_term_string\"}}],\"inLanguage\":\"en-US\"}]}<\/script>\n<!-- \/ Yoast SEO plugin. -->","yoast_head_json":{"title":"Labyrinth - Ferdinand Koestler","robots":{"index":"index","follow":"follow","max-snippet":"max-snippet:-1","max-image-preview":"max-image-preview:large","max-video-preview":"max-video-preview:-1"},"canonical":"https:\/\/ferdinandkoestler.com\/en\/labyrinth\/","og_locale":"en_US","og_type":"article","og_title":"Labyrinth - Ferdinand Koestler","og_description":"Labyrinth (2020) Der Kurzfilm &#8216;Labyrinth&#8217; erz\u00e4hlt die bewegende Geschichte einer \u00e4lteren Frau, die an Demenz leidet. Die Zuschauer tauchen in ihre Welt ein, in der die Grenzen zwischen Vergangenheit und Gegenwart verschwimmen. Die Protagonistin findet sich in einem st\u00e4ndigen Kampf zwischen ihren Erinnerungen und der Realit\u00e4t wieder. Die Erinnerungen an ihre Jugend als M\u00e4dchen sind [&hellip;]","og_url":"https:\/\/ferdinandkoestler.com\/en\/labyrinth\/","og_site_name":"Ferdinand Koestler","article_modified_time":"2025-01-08T20:59:34+00:00","og_image":[{"url":"https:\/\/ferdinandkoestler.com\/wp-content\/uploads\/2023\/08\/Labyr_Poster.jpg","width":1,"height":1,"type":"image\/jpeg"}],"twitter_card":"summary_large_image","twitter_misc":{"Est. reading time":"3 minutes"},"schema":{"@context":"https:\/\/schema.org","@graph":[{"@type":"WebPage","@id":"https:\/\/ferdinandkoestler.com\/labyrinth\/","url":"https:\/\/ferdinandkoestler.com\/labyrinth\/","name":"Labyrinth - Ferdinand Koestler","isPartOf":{"@id":"https:\/\/ferdinandkoestler.com\/#website"},"primaryImageOfPage":{"@id":"https:\/\/ferdinandkoestler.com\/labyrinth\/#primaryimage"},"image":{"@id":"https:\/\/ferdinandkoestler.com\/labyrinth\/#primaryimage"},"thumbnailUrl":"https:\/\/ferdinandkoestler.com\/wp-content\/uploads\/2023\/08\/Labyr_Poster.jpg","datePublished":"2023-08-31T12:13:31+00:00","dateModified":"2025-01-08T20:59:34+00:00","breadcrumb":{"@id":"https:\/\/ferdinandkoestler.com\/labyrinth\/#breadcrumb"},"inLanguage":"en-US","potentialAction":[{"@type":"ReadAction","target":["https:\/\/ferdinandkoestler.com\/labyrinth\/"]}]},{"@type":"ImageObject","inLanguage":"en-US","@id":"https:\/\/ferdinandkoestler.com\/labyrinth\/#primaryimage","url":"https:\/\/ferdinandkoestler.com\/wp-content\/uploads\/2023\/08\/Labyr_Poster.jpg","contentUrl":"https:\/\/ferdinandkoestler.com\/wp-content\/uploads\/2023\/08\/Labyr_Poster.jpg"},{"@type":"BreadcrumbList","@id":"https:\/\/ferdinandkoestler.com\/labyrinth\/#breadcrumb","itemListElement":[{"@type":"ListItem","position":1,"name":"Home","item":"https:\/\/ferdinandkoestler.com\/"},{"@type":"ListItem","position":2,"name":"Labyrinth"}]},{"@type":"WebSite","@id":"https:\/\/ferdinandkoestler.com\/#website","url":"https:\/\/ferdinandkoestler.com\/","name":"Ferdinand Koestler","description":"Ein Einblick in die Gestaltung von Ferdinands Kameraarbeit","potentialAction":[{"@type":"SearchAction","target":{"@type":"EntryPoint","urlTemplate":"https:\/\/ferdinandkoestler.com\/?s={search_term_string}"},"query-input":{"@type":"PropertyValueSpecification","valueRequired":true,"valueName":"search_term_string"}}],"inLanguage":"en-US"}]}},"_links":{"self":[{"href":"https:\/\/ferdinandkoestler.com\/en\/wp-json\/wp\/v2\/pages\/306","targetHints":{"allow":["GET"]}}],"collection":[{"href":"https:\/\/ferdinandkoestler.com\/en\/wp-json\/wp\/v2\/pages"}],"about":[{"href":"https:\/\/ferdinandkoestler.com\/en\/wp-json\/wp\/v2\/types\/page"}],"author":[{"embeddable":true,"href":"https:\/\/ferdinandkoestler.com\/en\/wp-json\/wp\/v2\/users\/2"}],"replies":[{"embeddable":true,"href":"https:\/\/ferdinandkoestler.com\/en\/wp-json\/wp\/v2\/comments?post=306"}],"version-history":[{"count":6,"href":"https:\/\/ferdinandkoestler.com\/en\/wp-json\/wp\/v2\/pages\/306\/revisions"}],"predecessor-version":[{"id":698,"href":"https:\/\/ferdinandkoestler.com\/en\/wp-json\/wp\/v2\/pages\/306\/revisions\/698"}],"wp:attachment":[{"href":"https:\/\/ferdinandkoestler.com\/en\/wp-json\/wp\/v2\/media?parent=306"}],"curies":[{"name":"wp","href":"https:\/\/api.w.org\/{rel}","templated":true}]}}