{"id":461,"date":"2023-10-19T12:31:50","date_gmt":"2023-10-19T12:31:50","guid":{"rendered":"https:\/\/ferdinandkoestler.com\/?page_id=461"},"modified":"2025-01-08T20:56:34","modified_gmt":"2025-01-08T20:56:34","slug":"aktuelles","status":"publish","type":"page","link":"https:\/\/ferdinandkoestler.com\/en\/aktuelles\/","title":{"rendered":"News"},"content":{"rendered":"\n<div class=\"wp-block-group alignwide has-global-padding is-layout-constrained wp-block-group-is-layout-constrained\">\n<div class=\"wp-block-columns alignfull is-layout-flex wp-container-core-columns-is-layout-28f84493 wp-block-columns-is-layout-flex\">\n<div class=\"wp-block-column has-normal-font-size is-layout-flow wp-block-column-is-layout-flow\" style=\"flex-basis:100%\">\n<p class=\"has-medium-font-size\"><strong>Der Wahnsinn des Doku-Schneidens: Ein Erfahrungsbericht<\/strong><\/p>\n\n\n\n<p class=\"has-normal-font-size\">Ich dachte, ich teile mal meine Erfahrungen beim Schneiden meiner neuesten Kurzdokumentation &#8220;Christmas in Grenada&#8221;. Falls ihr euch jemals gefragt habt, wie viel Arbeit da wirklich drinsteckt \u2013 schnallts euch an! <br><br>Also, stellt euch vor: 22 Stunden Filmmaterial. Ja, richtig gelesen. Zweiundzwanzig Stunden! Das hab ich in einem Monat auf See zusammengeklaubt und auf zwei Festplatten gepackt. Das Ganze auf eine knackige Kernbotschaft runterbrechen klingt schwierig? Ich kann euch sagen: Ist es auch. Der erste Schritt war nat\u00fcrlich, das Material zu sichten. Ich wei\u00df nicht, wie es euch geht, aber nach der dritten Stunde verschwimmt alles schon. Man muss ja nicht nur schauen, sondern auch die besten St\u00fcckerln rausfischen, sich Notizen machen und st\u00e4ndig \u00fcberlegen: &#8220;Passt das zur Story? Bringt das den Punkt r\u00fcber? Was brauch ich noch?&#8221;<br><br>Dann kommt die First Assembly. Alles mal in die Timeline knallen, was gut aussieht und dann anschauen. Hm, knappe 1 Stunde 30 Minuten. Jetzt mal schauen, wie ich die Geschichte besser erz\u00e4hle. Es geht darum, das Tempo zu halten, die richtigen \u00dcberg\u00e4nge zu finden und die Story lebendig zu machen. Brauch ich das wirklich? Nun, knapp 6 Monate sp\u00e4ter mit viel &#8220;Liegen lassen&#8221; hab ich einen Feinschnitt, mit dem ich zufrieden bin. Nach unz\u00e4hligen Varianten und Feedback von Freunden ist es mir gelungen, den Schnitt auf 32 Minuten zu trimmen. Picture Lock!<br><br>Der n\u00e4chste Schritt wird das Sound Design. Der O-Ton war nur ein Onboard-Mikro auf der Kamera\u2026 Da kann man sich schon Besseres w\u00fcnschen, aber auf einem 41-Fu\u00df-Boot ist nun mal kein Platz f\u00fcr einen Tonmeister. Also ab an die T\u00f6ne aus der Dose. Jeden kleinen Effekt, jede Musikspur sauber anzulegen, ist eine Wissenschaft f\u00fcr sich. Ich gebe dem Sounddesign noch den Sommer, im Herbst geht es dann ans Grading, um eine kleine Premiere im Winter zu sichern.<\/p>\n\n\n\n<div class=\"wp-block-columns is-layout-flex wp-container-core-columns-is-layout-28f84493 wp-block-columns-is-layout-flex\">\n<div class=\"wp-block-column is-layout-flow wp-block-column-is-layout-flow\">\n<figure class=\"wp-block-image size-large\"><img loading=\"lazy\" decoding=\"async\" width=\"1024\" height=\"557\" src=\"https:\/\/ferdinandkoestler.com\/wp-content\/uploads\/2024\/07\/Screenshot-2024-07-22-12.51.41-1024x557.png\" alt=\"\" class=\"wp-image-666\" srcset=\"https:\/\/ferdinandkoestler.com\/wp-content\/uploads\/2024\/07\/Screenshot-2024-07-22-12.51.41-1024x557.png 1024w, https:\/\/ferdinandkoestler.com\/wp-content\/uploads\/2024\/07\/Screenshot-2024-07-22-12.51.41-300x163.png 300w, https:\/\/ferdinandkoestler.com\/wp-content\/uploads\/2024\/07\/Screenshot-2024-07-22-12.51.41-768x417.png 768w, https:\/\/ferdinandkoestler.com\/wp-content\/uploads\/2024\/07\/Screenshot-2024-07-22-12.51.41-1536x835.png 1536w, https:\/\/ferdinandkoestler.com\/wp-content\/uploads\/2024\/07\/Screenshot-2024-07-22-12.51.41.png 1919w\" sizes=\"auto, (max-width: 1024px) 100vw, 1024px\" \/><\/figure>\n<\/div>\n\n\n\n<div class=\"wp-block-column is-layout-flow wp-block-column-is-layout-flow\">\n<p class=\"has-normal-font-size\">Und ja, den Gro\u00dfteil des Projektes hab ich bis jetzt alleine gemacht. Manchmal f\u00fchlte ich mich wie ein Ein-Mann-Kommando. Ich bin es gewohnt, bei Projekten eng mit Regie und Produktion oder Art Department zusammenzuarbeiten. Da kann man sich super Ideen zuwerfen und gemeinsam etwas gestalten. Bei diesem Projekt war ich auf mich allein gestellt. Ich arbeitete dutzende Stunden daran, schaute mir eine Version an und dachte mir: &#8220;Kann das eigentlich was, was ich da hab? Ist das interessant? Will sich das wer anschauen?&#8221; Ohne einen zweiten an einem Filmprojekt zu arbeiten, ist eine Erfahrung, die ich gerne gemacht habe, aber in Zukunft lieber vermeiden w\u00fcrde. Das Kreativste an einem Film sind meiner Meinung nach die Ideen, die im Diskurs entstehen.<\/p>\n<\/div>\n<\/div>\n<\/div>\n<\/div>\n\n\n\n<div style=\"height:100px\" aria-hidden=\"true\" class=\"wp-block-spacer\"><\/div>\n\n\n\n<div class=\"wp-block-columns alignwide is-layout-flex wp-container-core-columns-is-layout-28f84493 wp-block-columns-is-layout-flex\">\n<div class=\"wp-block-column is-layout-flow wp-block-column-is-layout-flow\" style=\"flex-basis:33.33%\">\n<figure class=\"wp-block-image size-large\"><img loading=\"lazy\" decoding=\"async\" width=\"643\" height=\"1029\" src=\"https:\/\/ferdinandkoestler.com\/wp-content\/uploads\/2023\/11\/photo_2023-10-19_14-17-02-1-edited.jpg\" alt=\"\" class=\"wp-image-648\" srcset=\"https:\/\/ferdinandkoestler.com\/wp-content\/uploads\/2023\/11\/photo_2023-10-19_14-17-02-1-edited.jpg 643w, https:\/\/ferdinandkoestler.com\/wp-content\/uploads\/2023\/11\/photo_2023-10-19_14-17-02-1-edited-187x300.jpg 187w, https:\/\/ferdinandkoestler.com\/wp-content\/uploads\/2023\/11\/photo_2023-10-19_14-17-02-1-edited-640x1024.jpg 640w\" sizes=\"auto, (max-width: 643px) 100vw, 643px\" \/><\/figure>\n<\/div>\n\n\n\n<div class=\"wp-block-column has-normal-font-size is-layout-flow wp-block-column-is-layout-flow\" style=\"flex-basis:66.66%\">\n<p class=\"has-medium-font-size\"><strong>Hanimex Mirror Lens 300mm 1 : 5.6<\/strong><\/p>\n\n\n\n<p class=\"has-normal-font-size\">[tabby title=&#8221;Deutsch&#8221;] F\u00fcr meine kommende Doku musste ich ein leichtes Setup finden. Da ich auf den Einsatz von Teleobjektiven nicht verzichten wollte, entschied ich mich f\u00fcr eine 300mm Hanimex Spiellinse. Da meine Dreharbeiten nur bei Tageslicht stattfinden werden, stellt die f5.6 kein Problem dar. Mit einem Gewicht von knapp 200 Gramm und der kompakten Bauweise ist sie ideal f\u00fcr meine bevorstehende Langstreckenreise.<\/p>\n\n\n\n<p class=\"has-normal-font-size\">Schnell an meine Pocket 6K angeschlossen, \u00fcberpr\u00fcfe ich das Auflagema\u00df und schwenke die Kamera in die Skyline von Wien. Besonders bemerkenswert ist das Ringbokeh, das hier entsteht, anstelle eines vollst\u00e4ndigen Kreises. Wo diese Reise hinf\u00fchrt, werdet ihr bald erfahren. Bis dahin<br>&#8211; Cheers!<br><br><\/p>\n\n\n\n<p class=\"has-normal-font-size\">[tabby title=&#8221;English&#8221;] For my upcoming short documentary, I had to set up a lightweight rig. Not wanting to compromise on the use of telephoto lenses, I opted for a 300mm Hanimex Spiellinse. Since my filming will be done in daylight, the f5.6 aperture is not an issue. Weighing in at just under 200 grams and with its compact design, it&#8217;s perfect for my upcoming long-distance journey.<\/p>\n\n\n\n<p class=\"has-normal-font-size\">Quickly connected to my Pocket 6K, I check the flange distance and pivot the camera towards the Vienna skyline. What&#8217;s particularly noteworthy is the ring bokeh it produces, instead of a complete circle. Where this journey will take us, you&#8217;ll soon find out. Until then &#8211; Cheers! [tabbyending]<\/p>\n<\/div>\n<\/div>\n<\/div>\n\n\n\n<figure class=\"wp-block-gallery alignwide has-nested-images columns-2 is-cropped wp-block-gallery-1 is-layout-flex wp-block-gallery-is-layout-flex\">\n<figure class=\"wp-block-image size-large\"><img loading=\"lazy\" decoding=\"async\" width=\"1024\" height=\"580\" data-id=\"465\" src=\"https:\/\/ferdinandkoestler.com\/wp-content\/uploads\/2023\/10\/1.1.1_1.1.1-1024x580.png\" alt=\"\" class=\"wp-image-465\" srcset=\"https:\/\/ferdinandkoestler.com\/wp-content\/uploads\/2023\/10\/1.1.1_1.1.1-1024x580.png 1024w, https:\/\/ferdinandkoestler.com\/wp-content\/uploads\/2023\/10\/1.1.1_1.1.1-300x170.png 300w, https:\/\/ferdinandkoestler.com\/wp-content\/uploads\/2023\/10\/1.1.1_1.1.1-768x435.png 768w, https:\/\/ferdinandkoestler.com\/wp-content\/uploads\/2023\/10\/1.1.1_1.1.1-1536x869.png 1536w, https:\/\/ferdinandkoestler.com\/wp-content\/uploads\/2023\/10\/1.1.1_1.1.1.png 1696w\" sizes=\"auto, (max-width: 1024px) 100vw, 1024px\" \/><\/figure>\n\n\n\n<figure class=\"wp-block-image size-large\"><img loading=\"lazy\" decoding=\"async\" width=\"1024\" height=\"579\" data-id=\"467\" src=\"https:\/\/ferdinandkoestler.com\/wp-content\/uploads\/2023\/10\/1.4.1_1.4.1-1024x579.png\" alt=\"\" class=\"wp-image-467\" srcset=\"https:\/\/ferdinandkoestler.com\/wp-content\/uploads\/2023\/10\/1.4.1_1.4.1-1024x579.png 1024w, https:\/\/ferdinandkoestler.com\/wp-content\/uploads\/2023\/10\/1.4.1_1.4.1-300x170.png 300w, https:\/\/ferdinandkoestler.com\/wp-content\/uploads\/2023\/10\/1.4.1_1.4.1-768x434.png 768w, https:\/\/ferdinandkoestler.com\/wp-content\/uploads\/2023\/10\/1.4.1_1.4.1-1536x868.png 1536w, https:\/\/ferdinandkoestler.com\/wp-content\/uploads\/2023\/10\/1.4.1_1.4.1.png 1698w\" sizes=\"auto, (max-width: 1024px) 100vw, 1024px\" \/><\/figure>\n\n\n\n<figure class=\"wp-block-image size-large\"><img loading=\"lazy\" decoding=\"async\" width=\"1024\" height=\"579\" data-id=\"470\" src=\"https:\/\/ferdinandkoestler.com\/wp-content\/uploads\/2023\/10\/1.3.2_1.3.2-1024x579.png\" alt=\"\" class=\"wp-image-470\" srcset=\"https:\/\/ferdinandkoestler.com\/wp-content\/uploads\/2023\/10\/1.3.2_1.3.2-1024x579.png 1024w, https:\/\/ferdinandkoestler.com\/wp-content\/uploads\/2023\/10\/1.3.2_1.3.2-300x170.png 300w, https:\/\/ferdinandkoestler.com\/wp-content\/uploads\/2023\/10\/1.3.2_1.3.2-768x434.png 768w, https:\/\/ferdinandkoestler.com\/wp-content\/uploads\/2023\/10\/1.3.2_1.3.2-1536x868.png 1536w, https:\/\/ferdinandkoestler.com\/wp-content\/uploads\/2023\/10\/1.3.2_1.3.2.png 1698w\" sizes=\"auto, (max-width: 1024px) 100vw, 1024px\" \/><\/figure>\n\n\n\n<figure class=\"wp-block-image size-large\"><img loading=\"lazy\" decoding=\"async\" width=\"1024\" height=\"578\" data-id=\"468\" src=\"https:\/\/ferdinandkoestler.com\/wp-content\/uploads\/2023\/10\/1.3.3_1.3.3-1-1024x578.png\" alt=\"\" class=\"wp-image-468\" srcset=\"https:\/\/ferdinandkoestler.com\/wp-content\/uploads\/2023\/10\/1.3.3_1.3.3-1-1024x578.png 1024w, https:\/\/ferdinandkoestler.com\/wp-content\/uploads\/2023\/10\/1.3.3_1.3.3-1-300x169.png 300w, https:\/\/ferdinandkoestler.com\/wp-content\/uploads\/2023\/10\/1.3.3_1.3.3-1-768x434.png 768w, https:\/\/ferdinandkoestler.com\/wp-content\/uploads\/2023\/10\/1.3.3_1.3.3-1-1536x867.png 1536w, https:\/\/ferdinandkoestler.com\/wp-content\/uploads\/2023\/10\/1.3.3_1.3.3-1.png 1700w\" sizes=\"auto, (max-width: 1024px) 100vw, 1024px\" \/><\/figure>\n\n\n\n<figure class=\"wp-block-image size-large\"><img loading=\"lazy\" decoding=\"async\" width=\"1024\" height=\"581\" data-id=\"464\" src=\"https:\/\/ferdinandkoestler.com\/wp-content\/uploads\/2023\/10\/1.9.1_1.9.1-1024x581.png\" alt=\"\" class=\"wp-image-464\" srcset=\"https:\/\/ferdinandkoestler.com\/wp-content\/uploads\/2023\/10\/1.9.1_1.9.1-1024x581.png 1024w, https:\/\/ferdinandkoestler.com\/wp-content\/uploads\/2023\/10\/1.9.1_1.9.1-300x170.png 300w, https:\/\/ferdinandkoestler.com\/wp-content\/uploads\/2023\/10\/1.9.1_1.9.1-768x436.png 768w, https:\/\/ferdinandkoestler.com\/wp-content\/uploads\/2023\/10\/1.9.1_1.9.1-1536x871.png 1536w, https:\/\/ferdinandkoestler.com\/wp-content\/uploads\/2023\/10\/1.9.1_1.9.1.png 1692w\" sizes=\"auto, (max-width: 1024px) 100vw, 1024px\" \/><\/figure>\n\n\n\n<figure class=\"wp-block-image size-large\"><img loading=\"lazy\" decoding=\"async\" width=\"1024\" height=\"579\" data-id=\"466\" src=\"https:\/\/ferdinandkoestler.com\/wp-content\/uploads\/2023\/10\/1.7.1_1.7.1-1024x579.png\" alt=\"\" class=\"wp-image-466\" srcset=\"https:\/\/ferdinandkoestler.com\/wp-content\/uploads\/2023\/10\/1.7.1_1.7.1-1024x579.png 1024w, https:\/\/ferdinandkoestler.com\/wp-content\/uploads\/2023\/10\/1.7.1_1.7.1-300x170.png 300w, https:\/\/ferdinandkoestler.com\/wp-content\/uploads\/2023\/10\/1.7.1_1.7.1-768x434.png 768w, https:\/\/ferdinandkoestler.com\/wp-content\/uploads\/2023\/10\/1.7.1_1.7.1-1536x868.png 1536w, https:\/\/ferdinandkoestler.com\/wp-content\/uploads\/2023\/10\/1.7.1_1.7.1.png 1698w\" sizes=\"auto, (max-width: 1024px) 100vw, 1024px\" \/><\/figure>\n\n\n\n<figure class=\"wp-block-image size-large\"><img loading=\"lazy\" decoding=\"async\" width=\"1024\" height=\"581\" data-id=\"469\" src=\"https:\/\/ferdinandkoestler.com\/wp-content\/uploads\/2023\/10\/1.3.1_1.3.1-1024x581.png\" alt=\"\" class=\"wp-image-469\" srcset=\"https:\/\/ferdinandkoestler.com\/wp-content\/uploads\/2023\/10\/1.3.1_1.3.1-1024x581.png 1024w, https:\/\/ferdinandkoestler.com\/wp-content\/uploads\/2023\/10\/1.3.1_1.3.1-300x170.png 300w, https:\/\/ferdinandkoestler.com\/wp-content\/uploads\/2023\/10\/1.3.1_1.3.1-768x436.png 768w, https:\/\/ferdinandkoestler.com\/wp-content\/uploads\/2023\/10\/1.3.1_1.3.1-1536x871.png 1536w, https:\/\/ferdinandkoestler.com\/wp-content\/uploads\/2023\/10\/1.3.1_1.3.1.png 1692w\" sizes=\"auto, (max-width: 1024px) 100vw, 1024px\" \/><\/figure>\n<\/figure>\n\n\n\n<div style=\"height:84px\" aria-hidden=\"true\" class=\"wp-block-spacer\"><\/div>\n\n\n\n<p class=\"has-text-align-center has-normal-font-size\"><a href=\"https:\/\/ferdinandkoestler.com\/impressum\/\">Impressum<\/a><\/p>\n\n\n\n<div class=\"wp-block-columns alignfull is-layout-flex wp-container-core-columns-is-layout-28f84493 wp-block-columns-is-layout-flex\">\n<div class=\"wp-block-column is-layout-flow wp-block-column-is-layout-flow\">\n<div class=\"wp-block-columns alignfull has-primary-background-color has-background is-layout-flex wp-container-core-columns-is-layout-28f84493 wp-block-columns-is-layout-flex\">\n<div class=\"wp-block-column is-layout-flow wp-block-column-is-layout-flow\">\n<div class=\"wp-block-cover is-light\" style=\"min-height:200px;aspect-ratio:unset;\"><span aria-hidden=\"true\" class=\"wp-block-cover__background has-background-dim\"><\/span><img loading=\"lazy\" decoding=\"async\" width=\"1920\" height=\"960\" class=\"wp-block-cover__image-background wp-image-261\" alt=\"\" src=\"https:\/\/ferdinandkoestler.com\/wp-content\/uploads\/2023\/08\/AEESW_Proxy.png\" style=\"object-position:50% 71%\" data-object-fit=\"cover\" data-object-position=\"50% 71%\" srcset=\"https:\/\/ferdinandkoestler.com\/wp-content\/uploads\/2023\/08\/AEESW_Proxy.png 1920w, https:\/\/ferdinandkoestler.com\/wp-content\/uploads\/2023\/08\/AEESW_Proxy-300x150.png 300w, https:\/\/ferdinandkoestler.com\/wp-content\/uploads\/2023\/08\/AEESW_Proxy-1024x512.png 1024w, https:\/\/ferdinandkoestler.com\/wp-content\/uploads\/2023\/08\/AEESW_Proxy-768x384.png 768w, https:\/\/ferdinandkoestler.com\/wp-content\/uploads\/2023\/08\/AEESW_Proxy-1536x768.png 1536w\" sizes=\"auto, (max-width: 1920px) 100vw, 1920px\" \/><div class=\"wp-block-cover__inner-container has-global-padding is-layout-constrained wp-block-cover-is-layout-constrained\">\n<p class=\"has-text-align-center has-foreground-color has-text-color has-normal-font-size\"><a href=\"http:\/\/ferdinandkoestler.com\/als-er-ein-star-war\/\">Empfohlene Filme, die dir auch gefallen k\u00f6nnten.<br><strong>Als er ein Star war<\/strong><br><strong>2022<\/strong><\/a><\/p>\n<\/div><\/div>\n<\/div>\n<\/div>\n<\/div>\n<\/div>\n","protected":false},"excerpt":{"rendered":"<p>Der Wahnsinn des Doku-Schneidens: Ein Erfahrungsbericht Ich dachte, ich teile mal meine Erfahrungen beim Schneiden meiner neuesten Kurzdokumentation &#8220;Christmas in Grenada&#8221;. Falls ihr euch jemals gefragt habt, wie viel Arbeit da wirklich drinsteckt \u2013 schnallts euch an! Also, stellt euch vor: 22 Stunden Filmmaterial. Ja, richtig gelesen. Zweiundzwanzig Stunden! Das hab ich in einem Monat [&hellip;]<\/p>\n","protected":false},"author":2,"featured_media":231,"parent":0,"menu_order":0,"comment_status":"closed","ping_status":"closed","template":"","meta":{"nf_dc_page":"","om_disable_all_campaigns":false,"_monsterinsights_skip_tracking":false,"_monsterinsights_sitenote_active":false,"_monsterinsights_sitenote_note":"","_monsterinsights_sitenote_category":0,"footnotes":""},"class_list":["post-461","page","type-page","status-publish","has-post-thumbnail","hentry"],"yoast_head":"<!-- This site is optimized with the Yoast SEO plugin v27.4 - https:\/\/yoast.com\/product\/yoast-seo-wordpress\/ -->\n<title>Aktuelles - Ferdinand Koestler<\/title>\n<meta name=\"description\" content=\"Eine Liste von allen Filmen, die Ferdinand Koestler als Kameramann mitgestaltet hat.\" \/>\n<meta name=\"robots\" content=\"index, follow, max-snippet:-1, max-image-preview:large, max-video-preview:-1\" \/>\n<link rel=\"canonical\" href=\"https:\/\/ferdinandkoestler.com\/en\/aktuelles\/\" \/>\n<meta property=\"og:locale\" content=\"en_US\" \/>\n<meta property=\"og:type\" content=\"article\" \/>\n<meta property=\"og:title\" content=\"Aktuelles - Ferdinand Koestler\" \/>\n<meta property=\"og:description\" content=\"Eine Liste von allen Filmen, die Ferdinand Koestler als Kameramann mitgestaltet hat.\" \/>\n<meta property=\"og:url\" content=\"https:\/\/ferdinandkoestler.com\/en\/aktuelles\/\" \/>\n<meta property=\"og:site_name\" content=\"Ferdinand Koestler\" \/>\n<meta property=\"article:modified_time\" content=\"2025-01-08T20:56:34+00:00\" \/>\n<meta name=\"twitter:card\" content=\"summary_large_image\" \/>\n<meta name=\"twitter:label1\" content=\"Est. reading time\" \/>\n\t<meta name=\"twitter:data1\" content=\"5 minutes\" \/>\n<script type=\"application\/ld+json\" class=\"yoast-schema-graph\">{\"@context\":\"https:\\\/\\\/schema.org\",\"@graph\":[{\"@type\":\"WebPage\",\"@id\":\"https:\\\/\\\/ferdinandkoestler.com\\\/aktuelles\\\/\",\"url\":\"https:\\\/\\\/ferdinandkoestler.com\\\/aktuelles\\\/\",\"name\":\"Aktuelles - Ferdinand Koestler\",\"isPartOf\":{\"@id\":\"https:\\\/\\\/ferdinandkoestler.com\\\/#website\"},\"primaryImageOfPage\":{\"@id\":\"https:\\\/\\\/ferdinandkoestler.com\\\/aktuelles\\\/#primaryimage\"},\"image\":{\"@id\":\"https:\\\/\\\/ferdinandkoestler.com\\\/aktuelles\\\/#primaryimage\"},\"thumbnailUrl\":\"\",\"datePublished\":\"2023-10-19T12:31:50+00:00\",\"dateModified\":\"2025-01-08T20:56:34+00:00\",\"description\":\"Eine Liste von allen Filmen, die Ferdinand Koestler als Kameramann mitgestaltet hat.\",\"breadcrumb\":{\"@id\":\"https:\\\/\\\/ferdinandkoestler.com\\\/aktuelles\\\/#breadcrumb\"},\"inLanguage\":\"en-US\",\"potentialAction\":[{\"@type\":\"ReadAction\",\"target\":[\"https:\\\/\\\/ferdinandkoestler.com\\\/aktuelles\\\/\"]}]},{\"@type\":\"ImageObject\",\"inLanguage\":\"en-US\",\"@id\":\"https:\\\/\\\/ferdinandkoestler.com\\\/aktuelles\\\/#primaryimage\",\"url\":\"\",\"contentUrl\":\"\"},{\"@type\":\"BreadcrumbList\",\"@id\":\"https:\\\/\\\/ferdinandkoestler.com\\\/aktuelles\\\/#breadcrumb\",\"itemListElement\":[{\"@type\":\"ListItem\",\"position\":1,\"name\":\"Home\",\"item\":\"https:\\\/\\\/ferdinandkoestler.com\\\/\"},{\"@type\":\"ListItem\",\"position\":2,\"name\":\"Aktuelles\"}]},{\"@type\":\"WebSite\",\"@id\":\"https:\\\/\\\/ferdinandkoestler.com\\\/#website\",\"url\":\"https:\\\/\\\/ferdinandkoestler.com\\\/\",\"name\":\"Ferdinand Koestler\",\"description\":\"Ein Einblick in die Gestaltung von Ferdinands Kameraarbeit\",\"potentialAction\":[{\"@type\":\"SearchAction\",\"target\":{\"@type\":\"EntryPoint\",\"urlTemplate\":\"https:\\\/\\\/ferdinandkoestler.com\\\/?s={search_term_string}\"},\"query-input\":{\"@type\":\"PropertyValueSpecification\",\"valueRequired\":true,\"valueName\":\"search_term_string\"}}],\"inLanguage\":\"en-US\"}]}<\/script>\n<!-- \/ Yoast SEO plugin. -->","yoast_head_json":{"title":"Aktuelles - Ferdinand Koestler","description":"Eine Liste von allen Filmen, die Ferdinand Koestler als Kameramann mitgestaltet hat.","robots":{"index":"index","follow":"follow","max-snippet":"max-snippet:-1","max-image-preview":"max-image-preview:large","max-video-preview":"max-video-preview:-1"},"canonical":"https:\/\/ferdinandkoestler.com\/en\/aktuelles\/","og_locale":"en_US","og_type":"article","og_title":"Aktuelles - Ferdinand Koestler","og_description":"Eine Liste von allen Filmen, die Ferdinand Koestler als Kameramann mitgestaltet hat.","og_url":"https:\/\/ferdinandkoestler.com\/en\/aktuelles\/","og_site_name":"Ferdinand Koestler","article_modified_time":"2025-01-08T20:56:34+00:00","twitter_card":"summary_large_image","twitter_misc":{"Est. reading time":"5 minutes"},"schema":{"@context":"https:\/\/schema.org","@graph":[{"@type":"WebPage","@id":"https:\/\/ferdinandkoestler.com\/aktuelles\/","url":"https:\/\/ferdinandkoestler.com\/aktuelles\/","name":"Aktuelles - Ferdinand Koestler","isPartOf":{"@id":"https:\/\/ferdinandkoestler.com\/#website"},"primaryImageOfPage":{"@id":"https:\/\/ferdinandkoestler.com\/aktuelles\/#primaryimage"},"image":{"@id":"https:\/\/ferdinandkoestler.com\/aktuelles\/#primaryimage"},"thumbnailUrl":"","datePublished":"2023-10-19T12:31:50+00:00","dateModified":"2025-01-08T20:56:34+00:00","description":"Eine Liste von allen Filmen, die Ferdinand Koestler als Kameramann mitgestaltet hat.","breadcrumb":{"@id":"https:\/\/ferdinandkoestler.com\/aktuelles\/#breadcrumb"},"inLanguage":"en-US","potentialAction":[{"@type":"ReadAction","target":["https:\/\/ferdinandkoestler.com\/aktuelles\/"]}]},{"@type":"ImageObject","inLanguage":"en-US","@id":"https:\/\/ferdinandkoestler.com\/aktuelles\/#primaryimage","url":"","contentUrl":""},{"@type":"BreadcrumbList","@id":"https:\/\/ferdinandkoestler.com\/aktuelles\/#breadcrumb","itemListElement":[{"@type":"ListItem","position":1,"name":"Home","item":"https:\/\/ferdinandkoestler.com\/"},{"@type":"ListItem","position":2,"name":"Aktuelles"}]},{"@type":"WebSite","@id":"https:\/\/ferdinandkoestler.com\/#website","url":"https:\/\/ferdinandkoestler.com\/","name":"Ferdinand Koestler","description":"Ein Einblick in die Gestaltung von Ferdinands Kameraarbeit","potentialAction":[{"@type":"SearchAction","target":{"@type":"EntryPoint","urlTemplate":"https:\/\/ferdinandkoestler.com\/?s={search_term_string}"},"query-input":{"@type":"PropertyValueSpecification","valueRequired":true,"valueName":"search_term_string"}}],"inLanguage":"en-US"}]}},"_links":{"self":[{"href":"https:\/\/ferdinandkoestler.com\/en\/wp-json\/wp\/v2\/pages\/461","targetHints":{"allow":["GET"]}}],"collection":[{"href":"https:\/\/ferdinandkoestler.com\/en\/wp-json\/wp\/v2\/pages"}],"about":[{"href":"https:\/\/ferdinandkoestler.com\/en\/wp-json\/wp\/v2\/types\/page"}],"author":[{"embeddable":true,"href":"https:\/\/ferdinandkoestler.com\/en\/wp-json\/wp\/v2\/users\/2"}],"replies":[{"embeddable":true,"href":"https:\/\/ferdinandkoestler.com\/en\/wp-json\/wp\/v2\/comments?post=461"}],"version-history":[{"count":5,"href":"https:\/\/ferdinandkoestler.com\/en\/wp-json\/wp\/v2\/pages\/461\/revisions"}],"predecessor-version":[{"id":692,"href":"https:\/\/ferdinandkoestler.com\/en\/wp-json\/wp\/v2\/pages\/461\/revisions\/692"}],"wp:featuredmedia":[{"embeddable":true,"href":"https:\/\/ferdinandkoestler.com\/en\/wp-json\/"}],"wp:attachment":[{"href":"https:\/\/ferdinandkoestler.com\/en\/wp-json\/wp\/v2\/media?parent=461"}],"curies":[{"name":"wp","href":"https:\/\/api.w.org\/{rel}","templated":true}]}}