{"id":701,"date":"2025-01-27T18:11:33","date_gmt":"2025-01-27T18:11:33","guid":{"rendered":"https:\/\/ferdinandkoestler.com\/?page_id=701"},"modified":"2025-09-19T15:10:42","modified_gmt":"2025-09-19T15:10:42","slug":"christmas-in-grenada","status":"publish","type":"page","link":"https:\/\/ferdinandkoestler.com\/en\/christmas-in-grenada\/","title":{"rendered":"Christmas in Grenada"},"content":{"rendered":"<div class=\"wp-block-media-text alignwide is-stacked-on-mobile is-vertically-aligned-center is-image-fill-element has-background\" style=\"background-color:#e3e2de;margin-top:0;margin-right:0;margin-bottom:0;margin-left:0;padding-top:var(--wp--preset--spacing--50);padding-right:var(--wp--preset--spacing--50);padding-bottom:var(--wp--preset--spacing--50);padding-left:var(--wp--preset--spacing--50);grid-template-columns:33% auto\"><figure class=\"wp-block-media-text__media\"><img decoding=\"async\" src=\"https:\/\/ferdinandkoestler.com\/wp-content\/uploads\/2025\/01\/1.62.1_1.62.1-3.jpg\" alt=\"\" class=\"wp-image-718 size-full\" style=\"object-position:50% 50%\"\/><\/figure><div class=\"wp-block-media-text__content\">\n<p class=\"has-background has-medium-font-size\" style=\"background-color:#e3e2de;margin-top:var(--wp--preset--spacing--40);margin-right:var(--wp--preset--spacing--40);margin-bottom:var(--wp--preset--spacing--40);margin-left:var(--wp--preset--spacing--40);padding-top:0;padding-right:0;padding-bottom:0;padding-left:0\"><strong>Christmas in Grenada (2025)<\/strong><\/p>\n\n\n\n<p class=\"has-luminous-vivid-orange-background-color has-background has-normal-font-size\">In this immersive coming-of-age documentary, a family sets sail across the Atlantic, capturing their journey in raw, unfiltered moments. Filmed in a direct cinema style, the film reveals the highs and lows of life at sea\u2014small crises, big laughs, and the profound bond that forms when the only world you know is sky and water. A story of resilience, camaraderie, and the unforgettable journey of crossing an ocean together.<\/p>\n<\/div><\/div>\n\n\n\n<div style=\"height:20px\" aria-hidden=\"true\" class=\"wp-block-spacer\"><\/div>\n\n\n\n<figure class=\"wp-embed-aspect-16-9 wp-has-aspect-ratio wp-block-embed is-type-video is-provider-youtube wp-block-embed-youtube\"><div class=\"wp-block-embed__wrapper\">\n<iframe loading=\"lazy\" title=\"Weihnachten in Grenada (Kurzdoku)\" width=\"500\" height=\"281\" src=\"https:\/\/www.youtube.com\/embed\/qHDqvO1LSXw?feature=oembed\" frameborder=\"0\" allow=\"accelerometer; autoplay; clipboard-write; encrypted-media; gyroscope; picture-in-picture; web-share\" referrerpolicy=\"strict-origin-when-cross-origin\" allowfullscreen><\/iframe>\n<\/div><\/figure>\n\n\n\n<p class=\"has-text-align-right has-normal-font-size\"><a href=\"https:\/\/youtu.be\/VgtQAJ_Xa4c\">Watch the english Version<\/a><\/p>\n\n\n\n<div style=\"height:20px\" aria-hidden=\"true\" class=\"wp-block-spacer\"><\/div>\n\n\n\n<figure class=\"wp-block-gallery alignwide has-nested-images columns-2 is-cropped has-background-background-color has-background wp-block-gallery-1 is-layout-flex wp-block-gallery-is-layout-flex\">\n<figure class=\"wp-block-image size-full\"><img decoding=\"async\" data-id=\"721\" src=\"https:\/\/ferdinandkoestler.com\/wp-content\/uploads\/2025\/01\/Xmas_Still_1.146.1-1.jpg\" alt=\"\" class=\"wp-image-721\"\/><\/figure>\n\n\n\n<figure class=\"wp-block-image size-full\"><img decoding=\"async\" data-id=\"719\" src=\"https:\/\/ferdinandkoestler.com\/wp-content\/uploads\/2025\/01\/Xmas_Still_1.126.1-1.jpg\" alt=\"\" class=\"wp-image-719\"\/><\/figure>\n\n\n\n<figure class=\"wp-block-image size-full\"><img decoding=\"async\" data-id=\"720\" src=\"https:\/\/ferdinandkoestler.com\/wp-content\/uploads\/2025\/01\/Xmas_Still_1.46.1-1.jpg\" alt=\"\" class=\"wp-image-720\"\/><\/figure>\n\n\n\n<figure class=\"wp-block-image size-full\"><img decoding=\"async\" data-id=\"718\" src=\"https:\/\/ferdinandkoestler.com\/wp-content\/uploads\/2025\/01\/1.62.1_1.62.1-3.jpg\" alt=\"\" class=\"wp-image-718\"\/><\/figure>\n\n\n\n<figure class=\"wp-block-image size-full\"><img decoding=\"async\" data-id=\"717\" src=\"https:\/\/ferdinandkoestler.com\/wp-content\/uploads\/2025\/01\/Xmas_Still_1.39.1-1.jpg\" alt=\"\" class=\"wp-image-717\"\/><\/figure>\n\n\n\n<figure class=\"wp-block-image size-full\"><img decoding=\"async\" data-id=\"711\" src=\"https:\/\/ferdinandkoestler.com\/wp-content\/uploads\/2025\/01\/1.61_1.62.1.jpg\" alt=\"\" class=\"wp-image-711\"\/><\/figure>\n\n\n\n<figure class=\"wp-block-image size-full\"><img decoding=\"async\" data-id=\"710\" src=\"https:\/\/ferdinandkoestler.com\/wp-content\/uploads\/2025\/01\/1.62.1_1.62.jpg\" alt=\"\" class=\"wp-image-710\"\/><\/figure>\n\n\n\n<figure class=\"wp-block-image size-full\"><img decoding=\"async\" data-id=\"709\" src=\"https:\/\/ferdinandkoestler.com\/wp-content\/uploads\/2025\/01\/1.62.1.62.1.jpg\" alt=\"\" class=\"wp-image-709\"\/><\/figure>\n<\/figure>\n\n\n\n<div style=\"height:60px\" aria-hidden=\"true\" class=\"wp-block-spacer\"><\/div>\n\n\n\n<p class=\"has-text-align-center has-normal-font-size\"><a href=\"https:\/\/ferdinandkoestler.com\/en\/impressum\/\">Impressum<\/a><\/p>\n\n\n\n<div class=\"wp-block-columns alignfull is-layout-flex wp-container-core-columns-is-layout-28f84493 wp-block-columns-is-layout-flex\">\n<div class=\"wp-block-column is-layout-flow wp-block-column-is-layout-flow\">\n<div class=\"wp-block-columns alignfull has-primary-background-color has-background is-layout-flex wp-container-core-columns-is-layout-28f84493 wp-block-columns-is-layout-flex\">\n<div class=\"wp-block-column is-layout-flow wp-block-column-is-layout-flow\">\n<div class=\"wp-block-cover\" style=\"min-height:200px;aspect-ratio:unset;\"><img loading=\"lazy\" decoding=\"async\" width=\"1920\" height=\"1080\" class=\"wp-block-cover__image-background wp-image-263\" alt=\"\" src=\"https:\/\/ferdinandkoestler.com\/wp-content\/uploads\/2023\/08\/KDK_03_1.4.1.jpg\" style=\"object-position:50% 23%\" data-object-fit=\"cover\" data-object-position=\"50% 23%\" srcset=\"https:\/\/ferdinandkoestler.com\/wp-content\/uploads\/2023\/08\/KDK_03_1.4.1.jpg 1920w, https:\/\/ferdinandkoestler.com\/wp-content\/uploads\/2023\/08\/KDK_03_1.4.1-300x169.jpg 300w, https:\/\/ferdinandkoestler.com\/wp-content\/uploads\/2023\/08\/KDK_03_1.4.1-1024x576.jpg 1024w, https:\/\/ferdinandkoestler.com\/wp-content\/uploads\/2023\/08\/KDK_03_1.4.1-768x432.jpg 768w, https:\/\/ferdinandkoestler.com\/wp-content\/uploads\/2023\/08\/KDK_03_1.4.1-1536x864.jpg 1536w\" sizes=\"auto, (max-width: 1920px) 100vw, 1920px\" \/><span aria-hidden=\"true\" class=\"wp-block-cover__background has-background-dim\"><\/span><div class=\"wp-block-cover__inner-container has-global-padding is-layout-constrained wp-block-cover-is-layout-constrained\">\n<p class=\"has-text-align-center has-foreground-color has-text-color has-normal-font-size\"><a href=\"https:\/\/ferdinandkoestler.com\/en\/karneval-der-kellner\/\">Visitors who watched this film also watched<br><strong>Carnival of waiters<\/strong><br><strong>2019<\/strong><\/a><\/p>\n<\/div><\/div>\n<\/div>\n<\/div>\n<\/div>\n<\/div>","protected":false},"excerpt":{"rendered":"<p>Christmas in Grenada (2025) In diesem Coming-of-Age-Dokumentarfilm segelt eine Familie \u00fcber den Atlantik und h\u00e4lt ihre Reise in ungesch\u00f6nten, authentischen Momenten fest. Im Stil des Direct Cinema gefilmt, zeigt der Film die H\u00f6hen und Tiefen des Lebens auf See \u2013 kleine Krisen, gro\u00dfe Lacher und die tiefe Verbundenheit, die entsteht, wenn wochenlang nichts als Himmel [&hellip;]<\/p>\n","protected":false},"author":2,"featured_media":0,"parent":0,"menu_order":0,"comment_status":"closed","ping_status":"closed","template":"","meta":{"nf_dc_page":"","om_disable_all_campaigns":false,"_monsterinsights_skip_tracking":false,"_monsterinsights_sitenote_active":false,"_monsterinsights_sitenote_note":"","_monsterinsights_sitenote_category":0,"footnotes":""},"class_list":["post-701","page","type-page","status-publish","hentry"],"yoast_head":"<!-- This site is optimized with the Yoast SEO plugin v27.4 - https:\/\/yoast.com\/product\/yoast-seo-wordpress\/ -->\n<title>Christmas in Grenada - Ferdinand Koestler<\/title>\n<meta name=\"robots\" content=\"index, follow, max-snippet:-1, max-image-preview:large, max-video-preview:-1\" \/>\n<link rel=\"canonical\" href=\"https:\/\/ferdinandkoestler.com\/en\/christmas-in-grenada\/\" \/>\n<meta property=\"og:locale\" content=\"en_US\" \/>\n<meta property=\"og:type\" content=\"article\" \/>\n<meta property=\"og:title\" content=\"Christmas in Grenada - Ferdinand Koestler\" \/>\n<meta property=\"og:description\" content=\"Christmas in Grenada (2025) In diesem Coming-of-Age-Dokumentarfilm segelt eine Familie \u00fcber den Atlantik und h\u00e4lt ihre Reise in ungesch\u00f6nten, authentischen Momenten fest. Im Stil des Direct Cinema gefilmt, zeigt der Film die H\u00f6hen und Tiefen des Lebens auf See \u2013 kleine Krisen, gro\u00dfe Lacher und die tiefe Verbundenheit, die entsteht, wenn wochenlang nichts als Himmel [&hellip;]\" \/>\n<meta property=\"og:url\" content=\"https:\/\/ferdinandkoestler.com\/en\/christmas-in-grenada\/\" \/>\n<meta property=\"og:site_name\" content=\"Ferdinand Koestler\" \/>\n<meta property=\"article:modified_time\" content=\"2025-09-19T15:10:42+00:00\" \/>\n<meta property=\"og:image\" content=\"https:\/\/ferdinandkoestler.com\/wp-content\/uploads\/2025\/01\/1.62.1_1.62.1-3.jpg\" \/>\n\t<meta property=\"og:image:width\" content=\"1\" \/>\n\t<meta property=\"og:image:height\" content=\"1\" \/>\n\t<meta property=\"og:image:type\" content=\"image\/jpeg\" \/>\n<meta name=\"twitter:card\" content=\"summary_large_image\" \/>\n<meta name=\"twitter:label1\" content=\"Est. reading time\" \/>\n\t<meta name=\"twitter:data1\" content=\"3 minutes\" \/>\n<script type=\"application\/ld+json\" class=\"yoast-schema-graph\">{\"@context\":\"https:\\\/\\\/schema.org\",\"@graph\":[{\"@type\":\"WebPage\",\"@id\":\"https:\\\/\\\/ferdinandkoestler.com\\\/christmas-in-grenada\\\/\",\"url\":\"https:\\\/\\\/ferdinandkoestler.com\\\/christmas-in-grenada\\\/\",\"name\":\"Christmas in Grenada - Ferdinand Koestler\",\"isPartOf\":{\"@id\":\"https:\\\/\\\/ferdinandkoestler.com\\\/#website\"},\"primaryImageOfPage\":{\"@id\":\"https:\\\/\\\/ferdinandkoestler.com\\\/christmas-in-grenada\\\/#primaryimage\"},\"image\":{\"@id\":\"https:\\\/\\\/ferdinandkoestler.com\\\/christmas-in-grenada\\\/#primaryimage\"},\"thumbnailUrl\":\"https:\\\/\\\/ferdinandkoestler.com\\\/wp-content\\\/uploads\\\/2025\\\/01\\\/1.62.1_1.62.1-3.jpg\",\"datePublished\":\"2025-01-27T18:11:33+00:00\",\"dateModified\":\"2025-09-19T15:10:42+00:00\",\"breadcrumb\":{\"@id\":\"https:\\\/\\\/ferdinandkoestler.com\\\/christmas-in-grenada\\\/#breadcrumb\"},\"inLanguage\":\"en-US\",\"potentialAction\":[{\"@type\":\"ReadAction\",\"target\":[\"https:\\\/\\\/ferdinandkoestler.com\\\/christmas-in-grenada\\\/\"]}]},{\"@type\":\"ImageObject\",\"inLanguage\":\"en-US\",\"@id\":\"https:\\\/\\\/ferdinandkoestler.com\\\/christmas-in-grenada\\\/#primaryimage\",\"url\":\"https:\\\/\\\/ferdinandkoestler.com\\\/wp-content\\\/uploads\\\/2025\\\/01\\\/1.62.1_1.62.1-3.jpg\",\"contentUrl\":\"https:\\\/\\\/ferdinandkoestler.com\\\/wp-content\\\/uploads\\\/2025\\\/01\\\/1.62.1_1.62.1-3.jpg\"},{\"@type\":\"BreadcrumbList\",\"@id\":\"https:\\\/\\\/ferdinandkoestler.com\\\/christmas-in-grenada\\\/#breadcrumb\",\"itemListElement\":[{\"@type\":\"ListItem\",\"position\":1,\"name\":\"Home\",\"item\":\"https:\\\/\\\/ferdinandkoestler.com\\\/\"},{\"@type\":\"ListItem\",\"position\":2,\"name\":\"Christmas in Grenada\"}]},{\"@type\":\"WebSite\",\"@id\":\"https:\\\/\\\/ferdinandkoestler.com\\\/#website\",\"url\":\"https:\\\/\\\/ferdinandkoestler.com\\\/\",\"name\":\"Ferdinand Koestler\",\"description\":\"Ein Einblick in die Gestaltung von Ferdinands Kameraarbeit\",\"potentialAction\":[{\"@type\":\"SearchAction\",\"target\":{\"@type\":\"EntryPoint\",\"urlTemplate\":\"https:\\\/\\\/ferdinandkoestler.com\\\/?s={search_term_string}\"},\"query-input\":{\"@type\":\"PropertyValueSpecification\",\"valueRequired\":true,\"valueName\":\"search_term_string\"}}],\"inLanguage\":\"en-US\"}]}<\/script>\n<!-- \/ Yoast SEO plugin. -->","yoast_head_json":{"title":"Christmas in Grenada - Ferdinand Koestler","robots":{"index":"index","follow":"follow","max-snippet":"max-snippet:-1","max-image-preview":"max-image-preview:large","max-video-preview":"max-video-preview:-1"},"canonical":"https:\/\/ferdinandkoestler.com\/en\/christmas-in-grenada\/","og_locale":"en_US","og_type":"article","og_title":"Christmas in Grenada - Ferdinand Koestler","og_description":"Christmas in Grenada (2025) In diesem Coming-of-Age-Dokumentarfilm segelt eine Familie \u00fcber den Atlantik und h\u00e4lt ihre Reise in ungesch\u00f6nten, authentischen Momenten fest. Im Stil des Direct Cinema gefilmt, zeigt der Film die H\u00f6hen und Tiefen des Lebens auf See \u2013 kleine Krisen, gro\u00dfe Lacher und die tiefe Verbundenheit, die entsteht, wenn wochenlang nichts als Himmel [&hellip;]","og_url":"https:\/\/ferdinandkoestler.com\/en\/christmas-in-grenada\/","og_site_name":"Ferdinand Koestler","article_modified_time":"2025-09-19T15:10:42+00:00","og_image":[{"url":"https:\/\/ferdinandkoestler.com\/wp-content\/uploads\/2025\/01\/1.62.1_1.62.1-3.jpg","width":1,"height":1,"type":"image\/jpeg"}],"twitter_card":"summary_large_image","twitter_misc":{"Est. reading time":"3 minutes"},"schema":{"@context":"https:\/\/schema.org","@graph":[{"@type":"WebPage","@id":"https:\/\/ferdinandkoestler.com\/christmas-in-grenada\/","url":"https:\/\/ferdinandkoestler.com\/christmas-in-grenada\/","name":"Christmas in Grenada - Ferdinand Koestler","isPartOf":{"@id":"https:\/\/ferdinandkoestler.com\/#website"},"primaryImageOfPage":{"@id":"https:\/\/ferdinandkoestler.com\/christmas-in-grenada\/#primaryimage"},"image":{"@id":"https:\/\/ferdinandkoestler.com\/christmas-in-grenada\/#primaryimage"},"thumbnailUrl":"https:\/\/ferdinandkoestler.com\/wp-content\/uploads\/2025\/01\/1.62.1_1.62.1-3.jpg","datePublished":"2025-01-27T18:11:33+00:00","dateModified":"2025-09-19T15:10:42+00:00","breadcrumb":{"@id":"https:\/\/ferdinandkoestler.com\/christmas-in-grenada\/#breadcrumb"},"inLanguage":"en-US","potentialAction":[{"@type":"ReadAction","target":["https:\/\/ferdinandkoestler.com\/christmas-in-grenada\/"]}]},{"@type":"ImageObject","inLanguage":"en-US","@id":"https:\/\/ferdinandkoestler.com\/christmas-in-grenada\/#primaryimage","url":"https:\/\/ferdinandkoestler.com\/wp-content\/uploads\/2025\/01\/1.62.1_1.62.1-3.jpg","contentUrl":"https:\/\/ferdinandkoestler.com\/wp-content\/uploads\/2025\/01\/1.62.1_1.62.1-3.jpg"},{"@type":"BreadcrumbList","@id":"https:\/\/ferdinandkoestler.com\/christmas-in-grenada\/#breadcrumb","itemListElement":[{"@type":"ListItem","position":1,"name":"Home","item":"https:\/\/ferdinandkoestler.com\/"},{"@type":"ListItem","position":2,"name":"Christmas in Grenada"}]},{"@type":"WebSite","@id":"https:\/\/ferdinandkoestler.com\/#website","url":"https:\/\/ferdinandkoestler.com\/","name":"Ferdinand Koestler","description":"Ein Einblick in die Gestaltung von Ferdinands Kameraarbeit","potentialAction":[{"@type":"SearchAction","target":{"@type":"EntryPoint","urlTemplate":"https:\/\/ferdinandkoestler.com\/?s={search_term_string}"},"query-input":{"@type":"PropertyValueSpecification","valueRequired":true,"valueName":"search_term_string"}}],"inLanguage":"en-US"}]}},"_links":{"self":[{"href":"https:\/\/ferdinandkoestler.com\/en\/wp-json\/wp\/v2\/pages\/701","targetHints":{"allow":["GET"]}}],"collection":[{"href":"https:\/\/ferdinandkoestler.com\/en\/wp-json\/wp\/v2\/pages"}],"about":[{"href":"https:\/\/ferdinandkoestler.com\/en\/wp-json\/wp\/v2\/types\/page"}],"author":[{"embeddable":true,"href":"https:\/\/ferdinandkoestler.com\/en\/wp-json\/wp\/v2\/users\/2"}],"replies":[{"embeddable":true,"href":"https:\/\/ferdinandkoestler.com\/en\/wp-json\/wp\/v2\/comments?post=701"}],"version-history":[{"count":6,"href":"https:\/\/ferdinandkoestler.com\/en\/wp-json\/wp\/v2\/pages\/701\/revisions"}],"predecessor-version":[{"id":760,"href":"https:\/\/ferdinandkoestler.com\/en\/wp-json\/wp\/v2\/pages\/701\/revisions\/760"}],"wp:attachment":[{"href":"https:\/\/ferdinandkoestler.com\/en\/wp-json\/wp\/v2\/media?parent=701"}],"curies":[{"name":"wp","href":"https:\/\/api.w.org\/{rel}","templated":true}]}}